{"id":318,"date":"2019-11-15T14:43:10","date_gmt":"2019-11-15T13:43:10","guid":{"rendered":"https:\/\/mariefrancepainset.net\/web\/?page_id=318"},"modified":"2023-02-03T17:14:12","modified_gmt":"2023-02-03T16:14:12","slug":"un-tres-beau-jour-spectacle-jeune-public-marie-france-painset","status":"publish","type":"page","link":"https:\/\/mariefrancepainset.net\/web\/un-tres-beau-jour-spectacle-jeune-public-marie-france-painset\/","title":{"rendered":"Un tr\u00e8s beau jour"},"content":{"rendered":"<p>[et_pb_section fb_built=\u00a0\u00bb1&Prime; fullwidth=\u00a0\u00bbon\u00a0\u00bb _builder_version=\u00a0\u00bb4.16&Prime; global_colors_info=\u00a0\u00bb{}\u00a0\u00bb][et_pb_fullwidth_image src=\u00a0\u00bbhttps:\/\/mariefrancepainset.net\/web\/wp-content\/uploads\/2022\/06\/utbj.jpg\u00a0\u00bb title_text=\u00a0\u00bbutbj\u00a0\u00bb _builder_version=\u00a0\u00bb4.16&Prime; animation_style=\u00a0\u00bbfade\u00a0\u00bb global_colors_info=\u00a0\u00bb{}\u00a0\u00bb][\/et_pb_fullwidth_image][\/et_pb_section][et_pb_section fb_built=\u00a0\u00bb1&Prime; _builder_version=\u00a0\u00bb4.16&Prime; min_height=\u00a0\u00bb281px\u00a0\u00bb custom_margin=\u00a0\u00bb5px||5px||false|false\u00a0\u00bb custom_padding=\u00a0\u00bb5px||5px||false|false\u00a0\u00bb collapsed=\u00a0\u00bbon\u00a0\u00bb global_colors_info=\u00a0\u00bb{}\u00a0\u00bb][et_pb_row _builder_version=\u00a0\u00bb4.16&Prime; custom_padding=\u00a0\u00bb27px||26px|3px||\u00a0\u00bb global_colors_info=\u00a0\u00bb{}\u00a0\u00bb][et_pb_column type=\u00a0\u00bb4_4&Prime; _builder_version=\u00a0\u00bb4.16&Prime; global_colors_info=\u00a0\u00bb{}\u00a0\u00bb][et_pb_text _builder_version=\u00a0\u00bb4.16&Prime; custom_margin=\u00a0\u00bb15px||0px||false|false\u00a0\u00bb custom_padding=\u00a0\u00bb0px||0px||false|false\u00a0\u00bb global_colors_info=\u00a0\u00bb{}\u00a0\u00bb]<\/p>\n<p class=\"p1\">\n<p>C\u2019est comme une musique aux dessus de nos berceaux.<br \/>\n<span style=\"font-size: 14px;\">Les mots chantent alors qu\u2019ils sont encore myst\u00e8re\u2009\u2026&nbsp;<br \/>\n<\/span><span style=\"font-size: 14px;\">Les mots nous enchantent,&nbsp;<br \/>\n<\/span><span style=\"font-size: 14px;\">c\u2019est ainsi depuis bien longtemps.<br \/>\n<\/span><span style=\"font-size: 14px;\">Des broderies comme des tableaux&nbsp;<br \/>\n<\/span><span style=\"font-size: 14px;\">se d\u00e9voilent au gr\u00e9 de po\u00e8mes, chants, musiques\u2009\u2026<br \/>\n<\/span><span style=\"font-size: 14px;\">Un spectacle pour accueillir le tout-petit et la vie.<\/span><\/p>\n<p class=\"p1\">\n<p>[\/et_pb_text][\/et_pb_column][\/et_pb_row][\/et_pb_section][et_pb_section fb_built=\u00a0\u00bb1&Prime; _builder_version=\u00a0\u00bb4.16&Prime; background_color=\u00a0\u00bb#d7d5c5&Prime; custom_margin=\u00a0\u00bb-22px||0px||false|false\u00a0\u00bb custom_padding=\u00a0\u00bb0px||0px||false|false\u00a0\u00bb collapsed=\u00a0\u00bbon\u00a0\u00bb global_colors_info=\u00a0\u00bb{}\u00a0\u00bb][et_pb_row _builder_version=\u00a0\u00bb4.16&Prime; global_colors_info=\u00a0\u00bb{}\u00a0\u00bb][et_pb_column type=\u00a0\u00bb4_4&Prime; _builder_version=\u00a0\u00bb4.16&Prime; global_colors_info=\u00a0\u00bb{}\u00a0\u00bb][et_pb_text _builder_version=\u00a0\u00bb4.16&Prime; custom_padding=\u00a0\u00bb0px||1px|||\u00a0\u00bb global_colors_info=\u00a0\u00bb{}\u00a0\u00bb]<\/p>\n<p class=\"p1\"><b>Public :<\/b>&nbsp;pour les petits, les tout-petits, les tout tout-petits\u2009\u2026<br \/>\nmais aussi et bien s\u00fbr leur papa, leur maman\u2009\u2026 leur mamy, leur papy\u2009&#8230;<\/p>\n<p class=\"p2\"><b>Dur\u00e9e :<\/b> 40 minutes<\/p>\n<p class=\"p2\"><b>Jauge :&nbsp;<\/b>35\/40 personnes maximum, enfants et adultes compris<br \/>\n<span style=\"font-size: 14px;\">Le noir ou la p\u00e9nombre est souhait\u00e9(e), \u00e9clairage face si possible.<\/span><\/p>\n<p><strong style=\"font-size: 14px;\">Pour que chacun ait plaisir \u00e0 cette rencontre, il est important d\u2019\u00eatre bien install\u00e9 et de ne pas d\u00e9passer le nombre de spectateurs pr\u00e9vu.<\/strong>[\/et_pb_text][\/et_pb_column][\/et_pb_row][\/et_pb_section][et_pb_section fb_built=\u00a0\u00bb1&Prime; _builder_version=\u00a0\u00bb4.16&Prime; custom_margin=\u00a0\u00bb0px||0px||false|false\u00a0\u00bb custom_padding=\u00a0\u00bb0px||0px||false|false\u00a0\u00bb global_colors_info=\u00a0\u00bb{}\u00a0\u00bb][et_pb_row _builder_version=\u00a0\u00bb4.19.5&Prime; _module_preset=\u00a0\u00bbdefault\u00a0\u00bb global_colors_info=\u00a0\u00bb{}\u00a0\u00bb][et_pb_column type=\u00a0\u00bb4_4&Prime; _builder_version=\u00a0\u00bb4.19.5&Prime; _module_preset=\u00a0\u00bbdefault\u00a0\u00bb global_colors_info=\u00a0\u00bb{}\u00a0\u00bb][et_pb_text _builder_version=\u00a0\u00bb4.19.5&Prime; _module_preset=\u00a0\u00bbdefault\u00a0\u00bb custom_padding=\u00a0\u00bb||0px|||\u00a0\u00bb global_colors_info=\u00a0\u00bb{}\u00a0\u00bb]<\/p>\n<p><strong>Des broderies comme des partitions<\/strong><\/p>\n<p>Dans un premier temps dans un cheminement silencieux, point apr\u00e8s point, choisissant tel ou tel fil de couleur j\u2019ai brod\u00e9.<br \/>Broder prend du temps, tout le corps y est engag\u00e9.<br \/>Le corps tout autant que la pens\u00e9e.<br \/>Mon premier ouvrage fut celui d\u2019un enfant qui dort, me sont alors venus des chants pour accompagner le sommeil,<br \/>et dire bonne nuit \u00e0 demain petit, dors bien.<br \/>Puis j\u2019ai brod\u00e9\u2009\u2026 j\u2019ai pens\u00e9 aux tout-petits, \u00e0 tout ces moments o\u00f9 j\u2019ai chant\u00e9 pour eux,<br \/>o\u00f9 j\u2019ai jou\u00e9 avec eux \u00e0 bateau sur l\u2019eau, \u00e0 la petite jabotte.<br \/>Peut-\u00eatre des milliers de fois, sans que l\u2019\u00e9merveillement, la joie ne me quitte.<br \/>Point apr\u00e8s point, alors j\u2019ai brod\u00e9\u2009\u2026 un enfant qui n\u2019attend qu\u2019une chose, c\u2019est qu\u2019on lui parle, qu\u2019on lui chante\u2009\u2026<br \/>Des portraits sont apparus celui d\u2019un papy, d\u2019une mamy, d\u2019une maman, d\u2019un papa.<br \/>Puis j\u2019ai brod\u00e9\u2009\u2026 j\u2019ai pens\u00e9 \u00e0 la premi\u00e8re rencontre, celle o\u00f9 nous ne sommes pas encore dehors, bien \u00e0 l\u2019abri bien au chaud.<br \/>Sous mes doigts est n\u00e9e une femme qui attend un petit, sa robe est un jardin emplie de fleurs pr\u00eates \u00e0 s\u2019envoler.<br \/>Puis j\u2019ai pens\u00e9 \u00e0 ce temps o\u00f9 nous n\u2019\u00e9tions pas encore l\u00e0 et j\u2019ai brod\u00e9\u2026 un homme, une femme.<br \/>Des chants d\u2019amour se sont fait entendre \u00e0 mon oreille.<br \/>L\u2018humanit\u00e9 est partout la m\u00eame, nous naissons et continuons de venir au monde.<br \/>Notre besoin d\u2019\u00eatre charm\u00e9, consol\u00e9, apais\u00e9 est partout le m\u00eame que l\u2019on soit petit ou grand.<br \/>Ce spectacle autour de la rencontre humaine, s\u2019est tiss\u00e9 ainsi entre broderie, chant et r\u00eaverie.<br \/>Comme des bateaux, tress\u00e9s un par un, des berceaux blancs nous accompagnent tout au long du spectacle,<br \/>pr\u00eat \u00e0 voyager, \u00e0 prendre part \u00e0 l\u2019aventure humaine.<\/p>\n<p><span style=\"text-decoration: underline;\"><a href=\"https:\/\/mariefrancepainset.net\/web\/un-tres-beau-jour-album-jeunesse-marie-france-painset\/\">\u00abUn tr\u00e8s beau jour\u00bb<\/a><\/span> est aussi un album jeunesse que j\u2019ai \u00e9crit.<br \/>Le texte de cet album est mis en voix, en musique dans ce spectacle.<br \/>Illustr\u00e9 par Judith Gueyfier l\u2019album \u00abUn tr\u00e8s beau jour\u00bb est paru chez Didier jeunesse.<\/p>\n<p>[\/et_pb_text][\/et_pb_column][\/et_pb_row][et_pb_row _builder_version=\u00a0\u00bb4.19.5&Prime; _module_preset=\u00a0\u00bbdefault\u00a0\u00bb global_colors_info=\u00a0\u00bb{}\u00a0\u00bb][et_pb_column type=\u00a0\u00bb4_4&Prime; _builder_version=\u00a0\u00bb4.19.5&Prime; _module_preset=\u00a0\u00bbdefault\u00a0\u00bb global_colors_info=\u00a0\u00bb{}\u00a0\u00bb][et_pb_text _builder_version=\u00a0\u00bb4.19.5&Prime; _module_preset=\u00a0\u00bbdefault\u00a0\u00bb custom_padding=\u00a0\u00bb1px|||||\u00a0\u00bb global_colors_info=\u00a0\u00bb{}\u00a0\u00bb]<\/p>\n\n<p>[\/et_pb_text][\/et_pb_column][\/et_pb_row][\/et_pb_section]<\/p>\n","protected":false},"excerpt":{"rendered":"<p>C\u2019est comme une musique aux dessus de nos berceaux. Les mots chantent alors qu\u2019ils sont encore myst\u00e8re\u2009\u2026&nbsp; Les mots nous enchantent,&nbsp; c\u2019est ainsi depuis bien longtemps. Des broderies comme des tableaux&nbsp; se d\u00e9voilent au gr\u00e9 de po\u00e8mes, chants, musiques\u2009\u2026 Un spectacle pour accueillir le tout-petit et la vie. Public :&nbsp;pour les petits, les tout-petits, les [&hellip;]<\/p>\n","protected":false},"author":1,"featured_media":0,"parent":0,"menu_order":0,"comment_status":"closed","ping_status":"closed","template":"","meta":{"_et_pb_use_builder":"on","_et_pb_old_content":"","_et_gb_content_width":"","footnotes":""},"class_list":["post-318","page","type-page","status-publish","hentry"],"yoast_head":"<!-- This site is optimized with the Yoast SEO plugin v27.4 - https:\/\/yoast.com\/product\/yoast-seo-wordpress\/ -->\n<title>Spectacle jeune public - Un tr\u00e8s beau jour - Marie-France Painset<\/title>\n<meta name=\"description\" content=\"C\u2019est comme une musique aux dessus de nos berceaux.Les mots chantent alors qu\u2019ils sont encore myst\u00e8re\u2009\u2026 Les mots nous enchantent\u2026\" \/>\n<meta name=\"robots\" content=\"index, follow, max-snippet:-1, max-image-preview:large, max-video-preview:-1\" \/>\n<link rel=\"canonical\" href=\"https:\/\/mariefrancepainset.net\/web\/un-tres-beau-jour-spectacle-jeune-public-marie-france-painset\/\" \/>\n<meta property=\"og:locale\" content=\"fr_FR\" \/>\n<meta property=\"og:type\" content=\"article\" \/>\n<meta property=\"og:title\" content=\"Spectacle jeune public - Un tr\u00e8s beau jour - Marie-France Painset\" \/>\n<meta property=\"og:description\" content=\"C\u2019est comme une musique aux dessus de nos berceaux.Les mots chantent alors qu\u2019ils sont encore myst\u00e8re\u2009\u2026 Les mots nous enchantent\u2026\" \/>\n<meta property=\"og:url\" content=\"https:\/\/mariefrancepainset.net\/web\/un-tres-beau-jour-spectacle-jeune-public-marie-france-painset\/\" \/>\n<meta property=\"article:modified_time\" content=\"2023-02-03T16:14:12+00:00\" \/>\n<meta name=\"twitter:card\" content=\"summary_large_image\" \/>\n<meta name=\"twitter:label1\" content=\"Dur\u00e9e de lecture estim\u00e9e\" \/>\n\t<meta name=\"twitter:data1\" content=\"3 minutes\" \/>\n<script type=\"application\/ld+json\" class=\"yoast-schema-graph\">{\"@context\":\"https:\\\/\\\/schema.org\",\"@graph\":[{\"@type\":\"WebPage\",\"@id\":\"https:\\\/\\\/mariefrancepainset.net\\\/web\\\/un-tres-beau-jour-spectacle-jeune-public-marie-france-painset\\\/\",\"url\":\"https:\\\/\\\/mariefrancepainset.net\\\/web\\\/un-tres-beau-jour-spectacle-jeune-public-marie-france-painset\\\/\",\"name\":\"Spectacle jeune public - Un tr\u00e8s beau jour - Marie-France Painset\",\"isPartOf\":{\"@id\":\"https:\\\/\\\/mariefrancepainset.net\\\/web\\\/#website\"},\"datePublished\":\"2019-11-15T13:43:10+00:00\",\"dateModified\":\"2023-02-03T16:14:12+00:00\",\"description\":\"C\u2019est comme une musique aux dessus de nos berceaux.Les mots chantent alors qu\u2019ils sont encore myst\u00e8re\u2009\u2026 Les mots nous enchantent\u2026\",\"breadcrumb\":{\"@id\":\"https:\\\/\\\/mariefrancepainset.net\\\/web\\\/un-tres-beau-jour-spectacle-jeune-public-marie-france-painset\\\/#breadcrumb\"},\"inLanguage\":\"fr-FR\",\"potentialAction\":[{\"@type\":\"ReadAction\",\"target\":[\"https:\\\/\\\/mariefrancepainset.net\\\/web\\\/un-tres-beau-jour-spectacle-jeune-public-marie-france-painset\\\/\"]}]},{\"@type\":\"BreadcrumbList\",\"@id\":\"https:\\\/\\\/mariefrancepainset.net\\\/web\\\/un-tres-beau-jour-spectacle-jeune-public-marie-france-painset\\\/#breadcrumb\",\"itemListElement\":[{\"@type\":\"ListItem\",\"position\":1,\"name\":\"Accueil\",\"item\":\"https:\\\/\\\/mariefrancepainset.net\\\/web\\\/\"},{\"@type\":\"ListItem\",\"position\":2,\"name\":\"Un tr\u00e8s beau jour\"}]},{\"@type\":\"WebSite\",\"@id\":\"https:\\\/\\\/mariefrancepainset.net\\\/web\\\/#website\",\"url\":\"https:\\\/\\\/mariefrancepainset.net\\\/web\\\/\",\"name\":\"\",\"description\":\"Jouer, chanter, dire\u2026 lire, transmettre\",\"potentialAction\":[{\"@type\":\"SearchAction\",\"target\":{\"@type\":\"EntryPoint\",\"urlTemplate\":\"https:\\\/\\\/mariefrancepainset.net\\\/web\\\/?s={search_term_string}\"},\"query-input\":{\"@type\":\"PropertyValueSpecification\",\"valueRequired\":true,\"valueName\":\"search_term_string\"}}],\"inLanguage\":\"fr-FR\"}]}<\/script>\n<!-- \/ Yoast SEO plugin. -->","yoast_head_json":{"title":"Spectacle jeune public - Un tr\u00e8s beau jour - Marie-France Painset","description":"C\u2019est comme une musique aux dessus de nos berceaux.Les mots chantent alors qu\u2019ils sont encore myst\u00e8re\u2009\u2026 Les mots nous enchantent\u2026","robots":{"index":"index","follow":"follow","max-snippet":"max-snippet:-1","max-image-preview":"max-image-preview:large","max-video-preview":"max-video-preview:-1"},"canonical":"https:\/\/mariefrancepainset.net\/web\/un-tres-beau-jour-spectacle-jeune-public-marie-france-painset\/","og_locale":"fr_FR","og_type":"article","og_title":"Spectacle jeune public - Un tr\u00e8s beau jour - Marie-France Painset","og_description":"C\u2019est comme une musique aux dessus de nos berceaux.Les mots chantent alors qu\u2019ils sont encore myst\u00e8re\u2009\u2026 Les mots nous enchantent\u2026","og_url":"https:\/\/mariefrancepainset.net\/web\/un-tres-beau-jour-spectacle-jeune-public-marie-france-painset\/","article_modified_time":"2023-02-03T16:14:12+00:00","twitter_card":"summary_large_image","twitter_misc":{"Dur\u00e9e de lecture estim\u00e9e":"3 minutes"},"schema":{"@context":"https:\/\/schema.org","@graph":[{"@type":"WebPage","@id":"https:\/\/mariefrancepainset.net\/web\/un-tres-beau-jour-spectacle-jeune-public-marie-france-painset\/","url":"https:\/\/mariefrancepainset.net\/web\/un-tres-beau-jour-spectacle-jeune-public-marie-france-painset\/","name":"Spectacle jeune public - Un tr\u00e8s beau jour - Marie-France Painset","isPartOf":{"@id":"https:\/\/mariefrancepainset.net\/web\/#website"},"datePublished":"2019-11-15T13:43:10+00:00","dateModified":"2023-02-03T16:14:12+00:00","description":"C\u2019est comme une musique aux dessus de nos berceaux.Les mots chantent alors qu\u2019ils sont encore myst\u00e8re\u2009\u2026 Les mots nous enchantent\u2026","breadcrumb":{"@id":"https:\/\/mariefrancepainset.net\/web\/un-tres-beau-jour-spectacle-jeune-public-marie-france-painset\/#breadcrumb"},"inLanguage":"fr-FR","potentialAction":[{"@type":"ReadAction","target":["https:\/\/mariefrancepainset.net\/web\/un-tres-beau-jour-spectacle-jeune-public-marie-france-painset\/"]}]},{"@type":"BreadcrumbList","@id":"https:\/\/mariefrancepainset.net\/web\/un-tres-beau-jour-spectacle-jeune-public-marie-france-painset\/#breadcrumb","itemListElement":[{"@type":"ListItem","position":1,"name":"Accueil","item":"https:\/\/mariefrancepainset.net\/web\/"},{"@type":"ListItem","position":2,"name":"Un tr\u00e8s beau jour"}]},{"@type":"WebSite","@id":"https:\/\/mariefrancepainset.net\/web\/#website","url":"https:\/\/mariefrancepainset.net\/web\/","name":"","description":"Jouer, chanter, dire\u2026 lire, transmettre","potentialAction":[{"@type":"SearchAction","target":{"@type":"EntryPoint","urlTemplate":"https:\/\/mariefrancepainset.net\/web\/?s={search_term_string}"},"query-input":{"@type":"PropertyValueSpecification","valueRequired":true,"valueName":"search_term_string"}}],"inLanguage":"fr-FR"}]}},"_links":{"self":[{"href":"https:\/\/mariefrancepainset.net\/web\/wp-json\/wp\/v2\/pages\/318","targetHints":{"allow":["GET"]}}],"collection":[{"href":"https:\/\/mariefrancepainset.net\/web\/wp-json\/wp\/v2\/pages"}],"about":[{"href":"https:\/\/mariefrancepainset.net\/web\/wp-json\/wp\/v2\/types\/page"}],"author":[{"embeddable":true,"href":"https:\/\/mariefrancepainset.net\/web\/wp-json\/wp\/v2\/users\/1"}],"replies":[{"embeddable":true,"href":"https:\/\/mariefrancepainset.net\/web\/wp-json\/wp\/v2\/comments?post=318"}],"version-history":[{"count":30,"href":"https:\/\/mariefrancepainset.net\/web\/wp-json\/wp\/v2\/pages\/318\/revisions"}],"predecessor-version":[{"id":954,"href":"https:\/\/mariefrancepainset.net\/web\/wp-json\/wp\/v2\/pages\/318\/revisions\/954"}],"wp:attachment":[{"href":"https:\/\/mariefrancepainset.net\/web\/wp-json\/wp\/v2\/media?parent=318"}],"curies":[{"name":"wp","href":"https:\/\/api.w.org\/{rel}","templated":true}]}}