{"id":331,"date":"2019-11-15T15:02:49","date_gmt":"2019-11-15T14:02:49","guid":{"rendered":"https:\/\/mariefrancepainset.net\/web\/?page_id=331"},"modified":"2023-02-02T21:58:55","modified_gmt":"2023-02-02T20:58:55","slug":"rencontres-en-chantee-spectacle-jeune-public-marie-france-painset","status":"publish","type":"page","link":"https:\/\/mariefrancepainset.net\/web\/rencontres-en-chantee-spectacle-jeune-public-marie-france-painset\/","title":{"rendered":"Rencontres En Chant\u00e9e"},"content":{"rendered":"<p>[et_pb_section fb_built=\u00a0\u00bb1&Prime; fullwidth=\u00a0\u00bbon\u00a0\u00bb _builder_version=\u00a0\u00bb4.16&Prime; hover_enabled=\u00a0\u00bb0&Prime; global_colors_info=\u00a0\u00bb{}\u00a0\u00bb sticky_enabled=\u00a0\u00bb0&Prime;][et_pb_fullwidth_image src=\u00a0\u00bbhttps:\/\/mariefrancepainset.net\/web\/wp-content\/uploads\/2019\/11\/Enchantebando.jpg\u00a0\u00bb _builder_version=\u00a0\u00bb4.16&Prime; animation_style=\u00a0\u00bbfade\u00a0\u00bb global_colors_info=\u00a0\u00bb{}\u00a0\u00bb][\/et_pb_fullwidth_image][\/et_pb_section][et_pb_section fb_built=\u00a0\u00bb1&Prime; _builder_version=\u00a0\u00bb4.16&Prime; custom_margin=\u00a0\u00bb0px||0px||false|false\u00a0\u00bb custom_padding=\u00a0\u00bb0px||0px||false|false\u00a0\u00bb collapsed=\u00a0\u00bbon\u00a0\u00bb global_colors_info=\u00a0\u00bb{}\u00a0\u00bb][et_pb_row _builder_version=\u00a0\u00bb4.16&Prime; global_colors_info=\u00a0\u00bb{}\u00a0\u00bb][et_pb_column type=\u00a0\u00bb4_4&Prime; _builder_version=\u00a0\u00bb4.16&Prime; global_colors_info=\u00a0\u00bb{}\u00a0\u00bb][et_pb_text _builder_version=\u00a0\u00bb4.16&Prime; global_colors_info=\u00a0\u00bb{}\u00a0\u00bb]<\/p>\n<p class=\"p1\" style=\"text-align: left;\">Transmettre aux tout-petits, \u00e0 leurs proches (parents, nounous, \u00e9ducateurs) ces tr\u00e9sors de la premi\u00e8re enfance que sont les berceuses, jeux chant\u00e9s \u2026 est essentiel.<br \/> Le b\u00e9b\u00e9 continue de venir au monde, a besoin d\u2019\u00eatre encore envelopp\u00e9, d\u2019avoir des mains attentionn\u00e9es, d\u2019\u00eatre accueilli avec des mots. Entre corps et parole la tradition orale nous offre un magnifique r\u00e9pertoire.<\/p>\n<p>[\/et_pb_text][\/et_pb_column][\/et_pb_row][\/et_pb_section][et_pb_section fb_built=\u00a0\u00bb1&Prime; _builder_version=\u00a0\u00bb4.16&Prime; background_color=\u00a0\u00bb#d7d5c5&Prime; custom_margin=\u00a0\u00bb0px||0px||false|false\u00a0\u00bb custom_padding=\u00a0\u00bb0px||0px||false|false\u00a0\u00bb collapsed=\u00a0\u00bbon\u00a0\u00bb global_colors_info=\u00a0\u00bb{}\u00a0\u00bb][et_pb_row _builder_version=\u00a0\u00bb4.16&Prime; custom_padding=\u00a0\u00bb35px|||||\u00a0\u00bb global_colors_info=\u00a0\u00bb{}\u00a0\u00bb][et_pb_column type=\u00a0\u00bb4_4&Prime; _builder_version=\u00a0\u00bb4.16&Prime; global_colors_info=\u00a0\u00bb{}\u00a0\u00bb][et_pb_text _builder_version=\u00a0\u00bb4.16&Prime; global_colors_info=\u00a0\u00bb{}\u00a0\u00bb]<\/p>\n<p class=\"p1\" style=\"text-align: left;\"><strong>\u00ab\u00a0En chant\u00e9e\u00a0\u00bb est un moment o\u00f9 nous partageons<\/strong> berceuses, formulettes, comptines, virelangues, randonn\u00e9es, jeux dans\u00e9s, chansons \u2026 <br \/>\u2026 avec les tout-petits et leurs proches, parents, fr\u00e8res, soeurs, nounous, \u2026<\/p>\n<p class=\"p1\" style=\"text-align: left;\"><strong>Nous nous d\u00e9pla\u00e7ons<\/strong> dans les cr\u00e8ches, les \u00e9coles maternelles, les relais d&rsquo;assistantes maternelles, les m\u00e9diath\u00e8ques \u2026 et autres lieux de la petite enfance.<br \/>Construire des abris de paroles o\u00f9 les enfants puissent venir se blottir, jouer, r\u00eaver, apprendre \u00e0 grandir \u2026<br \/>Gestes et mots puis\u00e9s dans la tradition orale seront au coeur de cette rencontre o\u00f9 les adultes seront aussi invit\u00e9s \u00e0 jouer.<\/p>\n<p>[\/et_pb_text][\/et_pb_column][\/et_pb_row][\/et_pb_section][et_pb_section fb_built=\u00a0\u00bb1&Prime; _builder_version=\u00a0\u00bb4.16&Prime; custom_margin=\u00a0\u00bb0px||0px||false|false\u00a0\u00bb custom_padding=\u00a0\u00bb0px||0px||false|false\u00a0\u00bb global_colors_info=\u00a0\u00bb{}\u00a0\u00bb][et_pb_row _builder_version=\u00a0\u00bb4.16&Prime; global_colors_info=\u00a0\u00bb{}\u00a0\u00bb][et_pb_column type=\u00a0\u00bb4_4&Prime; _builder_version=\u00a0\u00bb4.16&Prime; global_colors_info=\u00a0\u00bb{}\u00a0\u00bb][et_pb_social_media_follow follow_button=\u00a0\u00bbon\u00a0\u00bb _builder_version=\u00a0\u00bb4.16&Prime; global_colors_info=\u00a0\u00bb{}\u00a0\u00bb][et_pb_social_media_follow_network social_network=\u00a0\u00bbfacebook\u00a0\u00bb url=\u00a0\u00bbhttps:\/\/www.facebook.com\/EnChanteeLesRencontres\u00a0\u00bb _builder_version=\u00a0\u00bb4.16&Prime; background_color=\u00a0\u00bb#3b5998&Prime; global_colors_info=\u00a0\u00bb{}\u00a0\u00bb follow_button=\u00a0\u00bbon\u00a0\u00bb url_new_window=\u00a0\u00bbon\u00a0\u00bb]facebook[\/et_pb_social_media_follow_network][\/et_pb_social_media_follow][\/et_pb_column][\/et_pb_row][\/et_pb_section]<\/p>\n","protected":false},"excerpt":{"rendered":"<p>Transmettre aux tout-petits, \u00e0 leurs proches (parents, nounous, \u00e9ducateurs) ces tr\u00e9sors de la premi\u00e8re enfance que sont les berceuses, jeux chant\u00e9s \u2026 est essentiel. Le b\u00e9b\u00e9 continue de venir au monde, a besoin d\u2019\u00eatre encore envelopp\u00e9, d\u2019avoir des mains attentionn\u00e9es, d\u2019\u00eatre accueilli avec des mots. Entre corps et parole la tradition orale nous offre un [&hellip;]<\/p>\n","protected":false},"author":1,"featured_media":0,"parent":0,"menu_order":0,"comment_status":"closed","ping_status":"closed","template":"","meta":{"_et_pb_use_builder":"on","_et_pb_old_content":"","_et_gb_content_width":"","footnotes":""},"class_list":["post-331","page","type-page","status-publish","hentry"],"yoast_head":"<!-- This site is optimized with the Yoast SEO plugin v27.3 - https:\/\/yoast.com\/product\/yoast-seo-wordpress\/ -->\n<title>Spectacle jeune public - Rencontres en chantee - Marie-France Painset<\/title>\n<meta name=\"description\" content=\"\u00ab En chant\u00e9e \u00bb est un moment o\u00f9 nous partageons berceuses, formulettes, comptines, virelangues, randonn\u00e9es, jeux dans\u00e9s, chansons \u2026 \u2026 avec les tout-petits et leurs proches, parents, fr\u00e8res, soeurs, nounous, \u2026Nous nous d\u00e9pla\u00e7ons dans les cr\u00e8ches, les \u00e9coles maternelles, les relais d\u2019assistantes maternelles, les m\u00e9diath\u00e8ques \u2026 et autres lieux de la petite enfance.Construire des abris de paroles o\u00f9 les enfants puissent venir se blottir, jouer, r\u00eaver, apprendre \u00e0 grandir \u2026Gestes et mots puis\u00e9s dans la tradition orale seront au coeur de cette rencontre o\u00f9 les adultes seront aussi invit\u00e9s \u00e0 jouer.\" \/>\n<meta name=\"robots\" content=\"index, follow, max-snippet:-1, max-image-preview:large, max-video-preview:-1\" \/>\n<link rel=\"canonical\" href=\"https:\/\/mariefrancepainset.net\/web\/rencontres-en-chantee-spectacle-jeune-public-marie-france-painset\/\" \/>\n<meta property=\"og:locale\" content=\"fr_FR\" \/>\n<meta property=\"og:type\" content=\"article\" \/>\n<meta property=\"og:title\" content=\"Spectacle jeune public - Rencontres en chantee - Marie-France Painset\" \/>\n<meta property=\"og:description\" content=\"\u00ab En chant\u00e9e \u00bb est un moment o\u00f9 nous partageons berceuses, formulettes, comptines, virelangues, randonn\u00e9es, jeux dans\u00e9s, chansons \u2026 \u2026 avec les tout-petits et leurs proches, parents, fr\u00e8res, soeurs, nounous, \u2026Nous nous d\u00e9pla\u00e7ons dans les cr\u00e8ches, les \u00e9coles maternelles, les relais d\u2019assistantes maternelles, les m\u00e9diath\u00e8ques \u2026 et autres lieux de la petite enfance.Construire des abris de paroles o\u00f9 les enfants puissent venir se blottir, jouer, r\u00eaver, apprendre \u00e0 grandir \u2026Gestes et mots puis\u00e9s dans la tradition orale seront au coeur de cette rencontre o\u00f9 les adultes seront aussi invit\u00e9s \u00e0 jouer.\" \/>\n<meta property=\"og:url\" content=\"https:\/\/mariefrancepainset.net\/web\/rencontres-en-chantee-spectacle-jeune-public-marie-france-painset\/\" \/>\n<meta property=\"article:modified_time\" content=\"2023-02-02T20:58:55+00:00\" \/>\n<meta name=\"twitter:card\" content=\"summary_large_image\" \/>\n<meta name=\"twitter:label1\" content=\"Dur\u00e9e de lecture estim\u00e9e\" \/>\n\t<meta name=\"twitter:data1\" content=\"1 minute\" \/>\n<script type=\"application\/ld+json\" class=\"yoast-schema-graph\">{\"@context\":\"https:\\\/\\\/schema.org\",\"@graph\":[{\"@type\":\"WebPage\",\"@id\":\"https:\\\/\\\/mariefrancepainset.net\\\/web\\\/rencontres-en-chantee-spectacle-jeune-public-marie-france-painset\\\/\",\"url\":\"https:\\\/\\\/mariefrancepainset.net\\\/web\\\/rencontres-en-chantee-spectacle-jeune-public-marie-france-painset\\\/\",\"name\":\"Spectacle jeune public - Rencontres en chantee - Marie-France Painset\",\"isPartOf\":{\"@id\":\"https:\\\/\\\/mariefrancepainset.net\\\/web\\\/#website\"},\"datePublished\":\"2019-11-15T14:02:49+00:00\",\"dateModified\":\"2023-02-02T20:58:55+00:00\",\"description\":\"\u00ab En chant\u00e9e \u00bb est un moment o\u00f9 nous partageons berceuses, formulettes, comptines, virelangues, randonn\u00e9es, jeux dans\u00e9s, chansons \u2026 \u2026 avec les tout-petits et leurs proches, parents, fr\u00e8res, soeurs, nounous, \u2026Nous nous d\u00e9pla\u00e7ons dans les cr\u00e8ches, les \u00e9coles maternelles, les relais d\u2019assistantes maternelles, les m\u00e9diath\u00e8ques \u2026 et autres lieux de la petite enfance.Construire des abris de paroles o\u00f9 les enfants puissent venir se blottir, jouer, r\u00eaver, apprendre \u00e0 grandir \u2026Gestes et mots puis\u00e9s dans la tradition orale seront au coeur de cette rencontre o\u00f9 les adultes seront aussi invit\u00e9s \u00e0 jouer.\",\"breadcrumb\":{\"@id\":\"https:\\\/\\\/mariefrancepainset.net\\\/web\\\/rencontres-en-chantee-spectacle-jeune-public-marie-france-painset\\\/#breadcrumb\"},\"inLanguage\":\"fr-FR\",\"potentialAction\":[{\"@type\":\"ReadAction\",\"target\":[\"https:\\\/\\\/mariefrancepainset.net\\\/web\\\/rencontres-en-chantee-spectacle-jeune-public-marie-france-painset\\\/\"]}]},{\"@type\":\"BreadcrumbList\",\"@id\":\"https:\\\/\\\/mariefrancepainset.net\\\/web\\\/rencontres-en-chantee-spectacle-jeune-public-marie-france-painset\\\/#breadcrumb\",\"itemListElement\":[{\"@type\":\"ListItem\",\"position\":1,\"name\":\"Accueil\",\"item\":\"https:\\\/\\\/mariefrancepainset.net\\\/web\\\/\"},{\"@type\":\"ListItem\",\"position\":2,\"name\":\"Rencontres En Chant\u00e9e\"}]},{\"@type\":\"WebSite\",\"@id\":\"https:\\\/\\\/mariefrancepainset.net\\\/web\\\/#website\",\"url\":\"https:\\\/\\\/mariefrancepainset.net\\\/web\\\/\",\"name\":\"\",\"description\":\"Jouer, chanter, dire\u2026 lire, transmettre\",\"potentialAction\":[{\"@type\":\"SearchAction\",\"target\":{\"@type\":\"EntryPoint\",\"urlTemplate\":\"https:\\\/\\\/mariefrancepainset.net\\\/web\\\/?s={search_term_string}\"},\"query-input\":{\"@type\":\"PropertyValueSpecification\",\"valueRequired\":true,\"valueName\":\"search_term_string\"}}],\"inLanguage\":\"fr-FR\"}]}<\/script>\n<!-- \/ Yoast SEO plugin. -->","yoast_head_json":{"title":"Spectacle jeune public - Rencontres en chantee - Marie-France Painset","description":"\u00ab En chant\u00e9e \u00bb est un moment o\u00f9 nous partageons berceuses, formulettes, comptines, virelangues, randonn\u00e9es, jeux dans\u00e9s, chansons \u2026 \u2026 avec les tout-petits et leurs proches, parents, fr\u00e8res, soeurs, nounous, \u2026Nous nous d\u00e9pla\u00e7ons dans les cr\u00e8ches, les \u00e9coles maternelles, les relais d\u2019assistantes maternelles, les m\u00e9diath\u00e8ques \u2026 et autres lieux de la petite enfance.Construire des abris de paroles o\u00f9 les enfants puissent venir se blottir, jouer, r\u00eaver, apprendre \u00e0 grandir \u2026Gestes et mots puis\u00e9s dans la tradition orale seront au coeur de cette rencontre o\u00f9 les adultes seront aussi invit\u00e9s \u00e0 jouer.","robots":{"index":"index","follow":"follow","max-snippet":"max-snippet:-1","max-image-preview":"max-image-preview:large","max-video-preview":"max-video-preview:-1"},"canonical":"https:\/\/mariefrancepainset.net\/web\/rencontres-en-chantee-spectacle-jeune-public-marie-france-painset\/","og_locale":"fr_FR","og_type":"article","og_title":"Spectacle jeune public - Rencontres en chantee - Marie-France Painset","og_description":"\u00ab En chant\u00e9e \u00bb est un moment o\u00f9 nous partageons berceuses, formulettes, comptines, virelangues, randonn\u00e9es, jeux dans\u00e9s, chansons \u2026 \u2026 avec les tout-petits et leurs proches, parents, fr\u00e8res, soeurs, nounous, \u2026Nous nous d\u00e9pla\u00e7ons dans les cr\u00e8ches, les \u00e9coles maternelles, les relais d\u2019assistantes maternelles, les m\u00e9diath\u00e8ques \u2026 et autres lieux de la petite enfance.Construire des abris de paroles o\u00f9 les enfants puissent venir se blottir, jouer, r\u00eaver, apprendre \u00e0 grandir \u2026Gestes et mots puis\u00e9s dans la tradition orale seront au coeur de cette rencontre o\u00f9 les adultes seront aussi invit\u00e9s \u00e0 jouer.","og_url":"https:\/\/mariefrancepainset.net\/web\/rencontres-en-chantee-spectacle-jeune-public-marie-france-painset\/","article_modified_time":"2023-02-02T20:58:55+00:00","twitter_card":"summary_large_image","twitter_misc":{"Dur\u00e9e de lecture estim\u00e9e":"1 minute"},"schema":{"@context":"https:\/\/schema.org","@graph":[{"@type":"WebPage","@id":"https:\/\/mariefrancepainset.net\/web\/rencontres-en-chantee-spectacle-jeune-public-marie-france-painset\/","url":"https:\/\/mariefrancepainset.net\/web\/rencontres-en-chantee-spectacle-jeune-public-marie-france-painset\/","name":"Spectacle jeune public - Rencontres en chantee - Marie-France Painset","isPartOf":{"@id":"https:\/\/mariefrancepainset.net\/web\/#website"},"datePublished":"2019-11-15T14:02:49+00:00","dateModified":"2023-02-02T20:58:55+00:00","description":"\u00ab En chant\u00e9e \u00bb est un moment o\u00f9 nous partageons berceuses, formulettes, comptines, virelangues, randonn\u00e9es, jeux dans\u00e9s, chansons \u2026 \u2026 avec les tout-petits et leurs proches, parents, fr\u00e8res, soeurs, nounous, \u2026Nous nous d\u00e9pla\u00e7ons dans les cr\u00e8ches, les \u00e9coles maternelles, les relais d\u2019assistantes maternelles, les m\u00e9diath\u00e8ques \u2026 et autres lieux de la petite enfance.Construire des abris de paroles o\u00f9 les enfants puissent venir se blottir, jouer, r\u00eaver, apprendre \u00e0 grandir \u2026Gestes et mots puis\u00e9s dans la tradition orale seront au coeur de cette rencontre o\u00f9 les adultes seront aussi invit\u00e9s \u00e0 jouer.","breadcrumb":{"@id":"https:\/\/mariefrancepainset.net\/web\/rencontres-en-chantee-spectacle-jeune-public-marie-france-painset\/#breadcrumb"},"inLanguage":"fr-FR","potentialAction":[{"@type":"ReadAction","target":["https:\/\/mariefrancepainset.net\/web\/rencontres-en-chantee-spectacle-jeune-public-marie-france-painset\/"]}]},{"@type":"BreadcrumbList","@id":"https:\/\/mariefrancepainset.net\/web\/rencontres-en-chantee-spectacle-jeune-public-marie-france-painset\/#breadcrumb","itemListElement":[{"@type":"ListItem","position":1,"name":"Accueil","item":"https:\/\/mariefrancepainset.net\/web\/"},{"@type":"ListItem","position":2,"name":"Rencontres En Chant\u00e9e"}]},{"@type":"WebSite","@id":"https:\/\/mariefrancepainset.net\/web\/#website","url":"https:\/\/mariefrancepainset.net\/web\/","name":"","description":"Jouer, chanter, dire\u2026 lire, transmettre","potentialAction":[{"@type":"SearchAction","target":{"@type":"EntryPoint","urlTemplate":"https:\/\/mariefrancepainset.net\/web\/?s={search_term_string}"},"query-input":{"@type":"PropertyValueSpecification","valueRequired":true,"valueName":"search_term_string"}}],"inLanguage":"fr-FR"}]}},"_links":{"self":[{"href":"https:\/\/mariefrancepainset.net\/web\/wp-json\/wp\/v2\/pages\/331","targetHints":{"allow":["GET"]}}],"collection":[{"href":"https:\/\/mariefrancepainset.net\/web\/wp-json\/wp\/v2\/pages"}],"about":[{"href":"https:\/\/mariefrancepainset.net\/web\/wp-json\/wp\/v2\/types\/page"}],"author":[{"embeddable":true,"href":"https:\/\/mariefrancepainset.net\/web\/wp-json\/wp\/v2\/users\/1"}],"replies":[{"embeddable":true,"href":"https:\/\/mariefrancepainset.net\/web\/wp-json\/wp\/v2\/comments?post=331"}],"version-history":[{"count":12,"href":"https:\/\/mariefrancepainset.net\/web\/wp-json\/wp\/v2\/pages\/331\/revisions"}],"predecessor-version":[{"id":909,"href":"https:\/\/mariefrancepainset.net\/web\/wp-json\/wp\/v2\/pages\/331\/revisions\/909"}],"wp:attachment":[{"href":"https:\/\/mariefrancepainset.net\/web\/wp-json\/wp\/v2\/media?parent=331"}],"curies":[{"name":"wp","href":"https:\/\/api.w.org\/{rel}","templated":true}]}}