{"id":338,"date":"2019-11-15T15:09:20","date_gmt":"2019-11-15T14:09:20","guid":{"rendered":"https:\/\/mariefrancepainset.net\/web\/?page_id=338"},"modified":"2023-02-02T17:38:24","modified_gmt":"2023-02-02T16:38:24","slug":"ils-etaient-cinq-dans-le-lit-album-jeunesse-marie-france-painset","status":"publish","type":"page","link":"https:\/\/mariefrancepainset.net\/web\/ils-etaient-cinq-dans-le-lit-album-jeunesse-marie-france-painset\/","title":{"rendered":"Ils \u00e9taient cinq dans le lit"},"content":{"rendered":"\n[et_pb_section fb_built=\u00a0\u00bb1&Prime; fullwidth=\u00a0\u00bbon\u00a0\u00bb _builder_version=\u00a0\u00bb4.0.6&Prime;][et_pb_fullwidth_image src=\u00a0\u00bbhttps:\/\/mariefrancepainset.net\/web\/wp-content\/uploads\/2019\/11\/CinqDansLeLit.jpg\u00a0\u00bb _builder_version=\u00a0\u00bb4.0.6&Prime; animation_style=\u00a0\u00bbfade\u00a0\u00bb][\/et_pb_fullwidth_image][\/et_pb_section][et_pb_section fb_built=\u00a0\u00bb1&Prime; _builder_version=\u00a0\u00bb4.0.6&Prime; custom_margin=\u00a0\u00bb0px||0px||false|false\u00a0\u00bb custom_padding=\u00a0\u00bb0px||0px||false|false\u00a0\u00bb animation_style=\u00a0\u00bbfade\u00a0\u00bb collapsed=\u00a0\u00bbon\u00a0\u00bb][et_pb_row _builder_version=\u00a0\u00bb4.0.6&Prime;][et_pb_column type=\u00a0\u00bb4_4&Prime; _builder_version=\u00a0\u00bb4.0.6&Prime;][et_pb_text _builder_version=\u00a0\u00bb4.2.2&Prime;]<p class=\"p1\"><strong>Cinq dans le lit<\/strong><\/p>\n<p class=\"p1\">Ils \u00e9taient cinq dans le lit\u2026 et l\u2019un d&rsquo;eux tomba du lit.<br \/>Un tout-carton malin et ludique, avec des tirettes, pour faire tomber les petits lapins un \u00e0 un. Un livre original, pour mettre des mots sur les \u00e9motions des tout-petits : vouloir toute la place pour soi, refuser de partager puis \u00eatre rattrap\u00e9 par l\u2019angoisse d\u2019\u00eatre seul. C\u2019est aussi une comptine qu\u2019on peut chanter avec les tout-petit sur la musique de : \u00abils \u00e9taient cinq dans le nid\u00bb.<\/p>[\/et_pb_text][\/et_pb_column][\/et_pb_row][\/et_pb_section][et_pb_section fb_built=\u00a0\u00bb1&Prime; _builder_version=\u00a0\u00bb4.0.6&Prime; background_color=\u00a0\u00bb#d7d5c5&Prime; custom_margin=\u00a0\u00bb0px||0px||false|false\u00a0\u00bb custom_padding=\u00a0\u00bb0px||0px||false|false\u00a0\u00bb animation_style=\u00a0\u00bbfade\u00a0\u00bb collapsed=\u00a0\u00bbon\u00a0\u00bb][et_pb_row column_structure=\u00a0\u00bb1_4,3_4&Prime; _builder_version=\u00a0\u00bb4.0.6&Prime;][et_pb_column type=\u00a0\u00bb1_4&Prime; _builder_version=\u00a0\u00bb4.0.6&Prime;][et_pb_image src=\u00a0\u00bbhttps:\/\/mariefrancepainset.net\/web\/wp-content\/uploads\/2019\/11\/cdll.jpg\u00a0\u00bb _builder_version=\u00a0\u00bb4.0.6&Prime;][\/et_pb_image][\/et_pb_column][et_pb_column type=\u00a0\u00bb3_4&Prime; _builder_version=\u00a0\u00bb4.0.6&Prime;][et_pb_text _builder_version=\u00a0\u00bb4.0.6&Prime; min_height=\u00a0\u00bb211px\u00a0\u00bb custom_margin=\u00a0\u00bb22px||-2px|-2px||\u00a0\u00bb]<p><strong>\u00c9diteur : <\/strong>Didier Jeunesse<strong><br \/> <\/strong><strong>Auteur :\u00a0<\/strong>Marie-France Painset<br \/> <strong>Illustrations :<\/strong> Atelier Saje<br \/> <strong>Collection :<\/strong> Les tout-cartons petite enfance<br \/> <strong>Parution :<\/strong> ao\u00fbt 2018<br \/> <strong>Format :<\/strong> 160 x 280 mm<br \/> <strong>Pages :<\/strong> 18<br \/> <strong>EAN :<\/strong> 9782278089741<br \/> <strong>NUART :<\/strong> 1595671<br \/> <strong>Prix en euros TTC :<\/strong> 12.00 \u20ac<\/p>[\/et_pb_text][\/et_pb_column][\/et_pb_row][\/et_pb_section][et_pb_section fb_built=\u00a0\u00bb1&Prime; _builder_version=\u00a0\u00bb4.0.6&Prime; custom_margin=\u00a0\u00bb0px||0px||false|false\u00a0\u00bb custom_padding=\u00a0\u00bb0px||0px||false|false\u00a0\u00bb animation_style=\u00a0\u00bbfade\u00a0\u00bb][et_pb_row _builder_version=\u00a0\u00bb4.0.6&Prime;][et_pb_column type=\u00a0\u00bb4_4&Prime; _builder_version=\u00a0\u00bb4.0.6&Prime;][et_pb_text _builder_version=\u00a0\u00bb4.0.9&Prime; link_option_url=\u00a0\u00bbhttp:\/\/atelier-saje.com\/\u00a0\u00bb link_option_url_new_window=\u00a0\u00bbon\u00a0\u00bb]<p><strong>Atelier Saje<\/strong><br \/> Derri\u00e8re ce nom travaillent deux graphistes,\u00a0<strong>Ariane GRENET<\/strong> et\u00a0<strong>Emma GIULIANI<\/strong>, dont le domaine de pr\u00e9dilection est le design de livres.<br \/> Imaginer le style graphique de beaux livres, de nouvelles collections de romans, de livres illustr\u00e9s, de livres pour la jeunesse, de revues\u2026 et de tout autre\u00a0objet \u00e9ditorial. Voil\u00e0 leur c\u0153ur de m\u00e9tier. Ce qui ne leur interdit pas des incartades vers d&rsquo;autres mondes.<br \/> Une certaine gait\u00e9, un style \u00e9pur\u00e9, et p\u00e9tillant. Des couleurs vives, des lignes simples, l&rsquo;amour du d\u00e9tail. Voil\u00e0 comment pr\u00e9senter le style SAJE, qui\u00a0s&rsquo;exprime aussi bien dans la construction d&rsquo;une couverture, la mise en page, la typographie, la cr\u00e9ation d&rsquo;images, ou les animations papier.<\/p>\n<p><span style=\"text-decoration: underline;\">atelier-saje.com<\/span><\/p>[\/et_pb_text][et_pb_social_media_follow follow_button=\u00a0\u00bbon\u00a0\u00bb _builder_version=\u00a0\u00bb4.0.6&Prime; custom_margin=\u00a0\u00bb43px|||||\u00a0\u00bb][et_pb_social_media_follow_network social_network=\u00a0\u00bbfacebook\u00a0\u00bb url=\u00a0\u00bbhttps:\/\/www.facebook.com\/Livres.et.albums.jeunesse\u00a0\u00bb _builder_version=\u00a0\u00bb4.0.6&Prime; background_color=\u00a0\u00bb#3b5998&Prime; follow_button=\u00a0\u00bbon\u00a0\u00bb url_new_window=\u00a0\u00bbon\u00a0\u00bb]facebook[\/et_pb_social_media_follow_network][\/et_pb_social_media_follow][\/et_pb_column][\/et_pb_row][\/et_pb_section]\n","protected":false},"excerpt":{"rendered":"<p>Cinq dans le lit Ils \u00e9taient cinq dans le lit\u2026 et l\u2019un d&rsquo;eux tomba du lit.Un tout-carton malin et ludique, avec des tirettes, pour faire tomber les petits lapins un \u00e0 un. Un livre original, pour mettre des mots sur les \u00e9motions des tout-petits : vouloir toute la place pour soi, refuser de partager puis [&hellip;]<\/p>\n","protected":false},"author":1,"featured_media":0,"parent":0,"menu_order":0,"comment_status":"closed","ping_status":"closed","template":"","meta":{"_et_pb_use_builder":"on","_et_pb_old_content":"","_et_gb_content_width":"","footnotes":""},"class_list":["post-338","page","type-page","status-publish","hentry"],"yoast_head":"<!-- This site is optimized with the Yoast SEO plugin v27.5 - https:\/\/yoast.com\/product\/yoast-seo-wordpress\/ -->\n<title>Ils \u00e9taient cinq dans le lit -<\/title>\n<meta name=\"description\" content=\"Ils \u00e9taient cinq dans le lit\u2026 et l\u2019un d&#039;eux tomba du lit. Un tout-carton malin et ludique, avec des tirettes, pour faire tomber les petits lapins un \u00e0 un. Un livre original, pour mettre des mots sur les \u00e9motions des tout-petits : vouloir toute la place pour soi, refuser de partager puis \u00eatre rattrap\u00e9 par l\u2019angoisse d\u2019\u00eatre seul. C\u2019est aussi une comptine qu\u2019on peut chanter avec les tout-petit sur la musique de : \u00ab ils \u00e9taient cinq dans le nid \u00bb.\" \/>\n<meta name=\"robots\" content=\"index, follow, max-snippet:-1, max-image-preview:large, max-video-preview:-1\" \/>\n<link rel=\"canonical\" href=\"https:\/\/mariefrancepainset.net\/web\/ils-etaient-cinq-dans-le-lit-album-jeunesse-marie-france-painset\/\" \/>\n<meta property=\"og:locale\" content=\"fr_FR\" \/>\n<meta property=\"og:type\" content=\"article\" \/>\n<meta property=\"og:title\" content=\"Ils \u00e9taient cinq dans le lit -\" \/>\n<meta property=\"og:description\" content=\"Ils \u00e9taient cinq dans le lit\u2026 et l\u2019un d&#039;eux tomba du lit. Un tout-carton malin et ludique, avec des tirettes, pour faire tomber les petits lapins un \u00e0 un. Un livre original, pour mettre des mots sur les \u00e9motions des tout-petits : vouloir toute la place pour soi, refuser de partager puis \u00eatre rattrap\u00e9 par l\u2019angoisse d\u2019\u00eatre seul. C\u2019est aussi une comptine qu\u2019on peut chanter avec les tout-petit sur la musique de : \u00ab ils \u00e9taient cinq dans le nid \u00bb.\" \/>\n<meta property=\"og:url\" content=\"https:\/\/mariefrancepainset.net\/web\/ils-etaient-cinq-dans-le-lit-album-jeunesse-marie-france-painset\/\" \/>\n<meta property=\"article:modified_time\" content=\"2023-02-02T16:38:24+00:00\" \/>\n<meta name=\"twitter:card\" content=\"summary_large_image\" \/>\n<meta name=\"twitter:label1\" content=\"Dur\u00e9e de lecture estim\u00e9e\" \/>\n\t<meta name=\"twitter:data1\" content=\"2 minutes\" \/>\n<script type=\"application\/ld+json\" class=\"yoast-schema-graph\">{\"@context\":\"https:\\\/\\\/schema.org\",\"@graph\":[{\"@type\":\"WebPage\",\"@id\":\"https:\\\/\\\/mariefrancepainset.net\\\/web\\\/ils-etaient-cinq-dans-le-lit-album-jeunesse-marie-france-painset\\\/\",\"url\":\"https:\\\/\\\/mariefrancepainset.net\\\/web\\\/ils-etaient-cinq-dans-le-lit-album-jeunesse-marie-france-painset\\\/\",\"name\":\"Ils \u00e9taient cinq dans le lit -\",\"isPartOf\":{\"@id\":\"https:\\\/\\\/mariefrancepainset.net\\\/web\\\/#website\"},\"datePublished\":\"2019-11-15T14:09:20+00:00\",\"dateModified\":\"2023-02-02T16:38:24+00:00\",\"description\":\"Ils \u00e9taient cinq dans le lit\u2026 et l\u2019un d'eux tomba du lit. Un tout-carton malin et ludique, avec des tirettes, pour faire tomber les petits lapins un \u00e0 un. Un livre original, pour mettre des mots sur les \u00e9motions des tout-petits : vouloir toute la place pour soi, refuser de partager puis \u00eatre rattrap\u00e9 par l\u2019angoisse d\u2019\u00eatre seul. C\u2019est aussi une comptine qu\u2019on peut chanter avec les tout-petit sur la musique de : \u00ab ils \u00e9taient cinq dans le nid \u00bb.\",\"breadcrumb\":{\"@id\":\"https:\\\/\\\/mariefrancepainset.net\\\/web\\\/ils-etaient-cinq-dans-le-lit-album-jeunesse-marie-france-painset\\\/#breadcrumb\"},\"inLanguage\":\"fr-FR\",\"potentialAction\":[{\"@type\":\"ReadAction\",\"target\":[\"https:\\\/\\\/mariefrancepainset.net\\\/web\\\/ils-etaient-cinq-dans-le-lit-album-jeunesse-marie-france-painset\\\/\"]}]},{\"@type\":\"BreadcrumbList\",\"@id\":\"https:\\\/\\\/mariefrancepainset.net\\\/web\\\/ils-etaient-cinq-dans-le-lit-album-jeunesse-marie-france-painset\\\/#breadcrumb\",\"itemListElement\":[{\"@type\":\"ListItem\",\"position\":1,\"name\":\"Accueil\",\"item\":\"https:\\\/\\\/mariefrancepainset.net\\\/web\\\/\"},{\"@type\":\"ListItem\",\"position\":2,\"name\":\"Ils \u00e9taient cinq dans le lit\"}]},{\"@type\":\"WebSite\",\"@id\":\"https:\\\/\\\/mariefrancepainset.net\\\/web\\\/#website\",\"url\":\"https:\\\/\\\/mariefrancepainset.net\\\/web\\\/\",\"name\":\"\",\"description\":\"Jouer, chanter, dire\u2026 lire, transmettre\",\"potentialAction\":[{\"@type\":\"SearchAction\",\"target\":{\"@type\":\"EntryPoint\",\"urlTemplate\":\"https:\\\/\\\/mariefrancepainset.net\\\/web\\\/?s={search_term_string}\"},\"query-input\":{\"@type\":\"PropertyValueSpecification\",\"valueRequired\":true,\"valueName\":\"search_term_string\"}}],\"inLanguage\":\"fr-FR\"}]}<\/script>\n<!-- \/ Yoast SEO plugin. -->","yoast_head_json":{"title":"Ils \u00e9taient cinq dans le lit -","description":"Ils \u00e9taient cinq dans le lit\u2026 et l\u2019un d'eux tomba du lit. Un tout-carton malin et ludique, avec des tirettes, pour faire tomber les petits lapins un \u00e0 un. Un livre original, pour mettre des mots sur les \u00e9motions des tout-petits : vouloir toute la place pour soi, refuser de partager puis \u00eatre rattrap\u00e9 par l\u2019angoisse d\u2019\u00eatre seul. C\u2019est aussi une comptine qu\u2019on peut chanter avec les tout-petit sur la musique de : \u00ab ils \u00e9taient cinq dans le nid \u00bb.","robots":{"index":"index","follow":"follow","max-snippet":"max-snippet:-1","max-image-preview":"max-image-preview:large","max-video-preview":"max-video-preview:-1"},"canonical":"https:\/\/mariefrancepainset.net\/web\/ils-etaient-cinq-dans-le-lit-album-jeunesse-marie-france-painset\/","og_locale":"fr_FR","og_type":"article","og_title":"Ils \u00e9taient cinq dans le lit -","og_description":"Ils \u00e9taient cinq dans le lit\u2026 et l\u2019un d'eux tomba du lit. Un tout-carton malin et ludique, avec des tirettes, pour faire tomber les petits lapins un \u00e0 un. Un livre original, pour mettre des mots sur les \u00e9motions des tout-petits : vouloir toute la place pour soi, refuser de partager puis \u00eatre rattrap\u00e9 par l\u2019angoisse d\u2019\u00eatre seul. C\u2019est aussi une comptine qu\u2019on peut chanter avec les tout-petit sur la musique de : \u00ab ils \u00e9taient cinq dans le nid \u00bb.","og_url":"https:\/\/mariefrancepainset.net\/web\/ils-etaient-cinq-dans-le-lit-album-jeunesse-marie-france-painset\/","article_modified_time":"2023-02-02T16:38:24+00:00","twitter_card":"summary_large_image","twitter_misc":{"Dur\u00e9e de lecture estim\u00e9e":"2 minutes"},"schema":{"@context":"https:\/\/schema.org","@graph":[{"@type":"WebPage","@id":"https:\/\/mariefrancepainset.net\/web\/ils-etaient-cinq-dans-le-lit-album-jeunesse-marie-france-painset\/","url":"https:\/\/mariefrancepainset.net\/web\/ils-etaient-cinq-dans-le-lit-album-jeunesse-marie-france-painset\/","name":"Ils \u00e9taient cinq dans le lit -","isPartOf":{"@id":"https:\/\/mariefrancepainset.net\/web\/#website"},"datePublished":"2019-11-15T14:09:20+00:00","dateModified":"2023-02-02T16:38:24+00:00","description":"Ils \u00e9taient cinq dans le lit\u2026 et l\u2019un d'eux tomba du lit. Un tout-carton malin et ludique, avec des tirettes, pour faire tomber les petits lapins un \u00e0 un. Un livre original, pour mettre des mots sur les \u00e9motions des tout-petits : vouloir toute la place pour soi, refuser de partager puis \u00eatre rattrap\u00e9 par l\u2019angoisse d\u2019\u00eatre seul. C\u2019est aussi une comptine qu\u2019on peut chanter avec les tout-petit sur la musique de : \u00ab ils \u00e9taient cinq dans le nid \u00bb.","breadcrumb":{"@id":"https:\/\/mariefrancepainset.net\/web\/ils-etaient-cinq-dans-le-lit-album-jeunesse-marie-france-painset\/#breadcrumb"},"inLanguage":"fr-FR","potentialAction":[{"@type":"ReadAction","target":["https:\/\/mariefrancepainset.net\/web\/ils-etaient-cinq-dans-le-lit-album-jeunesse-marie-france-painset\/"]}]},{"@type":"BreadcrumbList","@id":"https:\/\/mariefrancepainset.net\/web\/ils-etaient-cinq-dans-le-lit-album-jeunesse-marie-france-painset\/#breadcrumb","itemListElement":[{"@type":"ListItem","position":1,"name":"Accueil","item":"https:\/\/mariefrancepainset.net\/web\/"},{"@type":"ListItem","position":2,"name":"Ils \u00e9taient cinq dans le lit"}]},{"@type":"WebSite","@id":"https:\/\/mariefrancepainset.net\/web\/#website","url":"https:\/\/mariefrancepainset.net\/web\/","name":"","description":"Jouer, chanter, dire\u2026 lire, transmettre","potentialAction":[{"@type":"SearchAction","target":{"@type":"EntryPoint","urlTemplate":"https:\/\/mariefrancepainset.net\/web\/?s={search_term_string}"},"query-input":{"@type":"PropertyValueSpecification","valueRequired":true,"valueName":"search_term_string"}}],"inLanguage":"fr-FR"}]}},"_links":{"self":[{"href":"https:\/\/mariefrancepainset.net\/web\/wp-json\/wp\/v2\/pages\/338","targetHints":{"allow":["GET"]}}],"collection":[{"href":"https:\/\/mariefrancepainset.net\/web\/wp-json\/wp\/v2\/pages"}],"about":[{"href":"https:\/\/mariefrancepainset.net\/web\/wp-json\/wp\/v2\/types\/page"}],"author":[{"embeddable":true,"href":"https:\/\/mariefrancepainset.net\/web\/wp-json\/wp\/v2\/users\/1"}],"replies":[{"embeddable":true,"href":"https:\/\/mariefrancepainset.net\/web\/wp-json\/wp\/v2\/comments?post=338"}],"version-history":[{"count":24,"href":"https:\/\/mariefrancepainset.net\/web\/wp-json\/wp\/v2\/pages\/338\/revisions"}],"predecessor-version":[{"id":890,"href":"https:\/\/mariefrancepainset.net\/web\/wp-json\/wp\/v2\/pages\/338\/revisions\/890"}],"wp:attachment":[{"href":"https:\/\/mariefrancepainset.net\/web\/wp-json\/wp\/v2\/media?parent=338"}],"curies":[{"name":"wp","href":"https:\/\/api.w.org\/{rel}","templated":true}]}}