{"id":353,"date":"2019-11-15T15:20:33","date_gmt":"2019-11-15T14:20:33","guid":{"rendered":"https:\/\/mariefrancepainset.net\/web\/?page_id=353"},"modified":"2023-02-02T17:42:56","modified_gmt":"2023-02-02T16:42:56","slug":"les-petits-pouces-publication-marie-france-painset","status":"publish","type":"page","link":"https:\/\/mariefrancepainset.net\/web\/les-petits-pouces-publication-marie-france-painset\/","title":{"rendered":"Les petits pouces"},"content":{"rendered":"\n[et_pb_section fb_built=\u00a0\u00bb1&Prime; fullwidth=\u00a0\u00bbon\u00a0\u00bb _builder_version=\u00a0\u00bb4.0.6&Prime;][et_pb_fullwidth_image src=\u00a0\u00bbhttps:\/\/mariefrancepainset.net\/web\/wp-content\/uploads\/2020\/01\/LesPetitsPouces.jpg\u00a0\u00bb _builder_version=\u00a0\u00bb4.2.2&Prime; animation_style=\u00a0\u00bbfade\u00a0\u00bb][\/et_pb_fullwidth_image][\/et_pb_section][et_pb_section fb_built=\u00a0\u00bb1&Prime; _builder_version=\u00a0\u00bb4.0.6&Prime; collapsed=\u00a0\u00bbon\u00a0\u00bb][et_pb_row _builder_version=\u00a0\u00bb4.0.6&Prime;][et_pb_column type=\u00a0\u00bb4_4&Prime; _builder_version=\u00a0\u00bb4.0.6&Prime;][et_pb_text _builder_version=\u00a0\u00bb4.2.2&Prime;]<p class=\"p1\"><strong>Un web documentaire en ligne pour d\u00e9couvrir les jeux de doigts et\u00a0autres\u00a0enfantines.<\/strong><br \/>Un web documentaire fait de trois volets \u00a0<em>\u00abJouer et se rencontrer\u00bb<\/em> , <em>\u00abJouer et recevoir , \u00abJouer et grandir\u00bb<\/em> avec des vid\u00e9os, des images, des articles\u2026\u00a0<br \/>Un web documentaire pour partager la richesse de ce r\u00e9pertoire et donner envie de le transmettre, de le jouer<\/p>[\/et_pb_text][\/et_pb_column][\/et_pb_row][\/et_pb_section][et_pb_section fb_built=\u00a0\u00bb1&Prime; _builder_version=\u00a0\u00bb4.0.6&Prime; background_color=\u00a0\u00bb#d7d5c5&Prime; custom_padding=\u00a0\u00bb34px||22px|||\u00a0\u00bb collapsed=\u00a0\u00bbon\u00a0\u00bb][et_pb_row _builder_version=\u00a0\u00bb4.2.2&Prime; min_height=\u00a0\u00bb316px\u00a0\u00bb custom_margin=\u00a0\u00bb-29px|auto||auto||\u00a0\u00bb][et_pb_column type=\u00a0\u00bb4_4&Prime; _builder_version=\u00a0\u00bb4.0.6&Prime;][et_pb_text _builder_version=\u00a0\u00bb4.2.2&Prime; min_height=\u00a0\u00bb282px\u00a0\u00bb custom_margin=\u00a0\u00bb18px|||||\u00a0\u00bb]<p class=\"p1\"><strong>Depuis 2013 \u00e0 la demande de la m\u00e9diath\u00e8que \u00abLa Grand Plage\u00bb de Roubaix, je travaille avec L\u00e6titia CARR\u00c9 sur un projet de transmission et de\u00a0formation autour de la tradition orale et plus pr\u00e9cis\u00e9ment autour des enfantines, ces petites formulettes de jeux de doigts, de mains\u2026<\/strong><\/p>\n<p class=\"p1\">Ce projet a commenc\u00e9 :<br \/> &#8211; par <strong>une conf\u00e9rence<\/strong> que j\u2019ai anim\u00e9<br \/> &#8211; puis <strong>des formations<\/strong> et <strong>journ\u00e9es d\u2019\u00e9changes<\/strong> avec le personnel des cr\u00e8ches, des haltes-garderies, de la pouponni\u00e8re et autres structures\u00a0roubaisiennes de la petite enfance.<br \/> Puis est venu le temps de r\u00e9fl\u00e9chir \u00e0 comment partager ce r\u00e9pertoire, son fondement, donner envie de jouer avec les enfantines.<br \/> <strong>L\u00e6titia CARR\u00c9, responsable des projets d&rsquo;\u00e9veil culturel de la m\u00e9diath\u00e8que a pens\u00e9 \u00e0 un web documentaire<\/strong> comme moyen de diffusion et nous nous sommes lanc\u00e9es dans l\u2019aventure\u2026\u00a0Une aventure heureuse.<\/p>\n<p class=\"p1\">Pour moi c\u2019est un accompagnement tout au long de ce projet, des rencontres, de belles r\u00e9flexions et \u00e9changes sur la petite enfance, sur l\u2019accueil\u00a0des tous-petits.<br \/> Pour moi, c\u2019est aussi un engagement, une recherche sur ce que nous offrons aux tous-petits en terme de rencontre, de po\u00e9sie.<\/p>[\/et_pb_text][\/et_pb_column][\/et_pb_row][\/et_pb_section][et_pb_section fb_built=\u00a0\u00bb1&Prime; _builder_version=\u00a0\u00bb4.0.6&Prime; custom_margin=\u00a0\u00bb-2px|||||\u00a0\u00bb custom_padding=\u00a0\u00bb42px|||||\u00a0\u00bb][et_pb_row _builder_version=\u00a0\u00bb4.0.6&Prime; custom_padding=\u00a0\u00bb0px|||||\u00a0\u00bb][et_pb_column type=\u00a0\u00bb4_4&Prime; _builder_version=\u00a0\u00bb4.0.6&Prime;][et_pb_text _builder_version=\u00a0\u00bb4.7.6&Prime; custom_margin=\u00a0\u00bb-14px|||||\u00a0\u00bb link_option_url_new_window=\u00a0\u00bbon\u00a0\u00bb hover_enabled=\u00a0\u00bb0&Prime; sticky_enabled=\u00a0\u00bb0&Prime;]<p class=\"p1\"><strong>Petit th\u00e9\u00e2tre des mains<\/strong><\/p>\n<p><em>Ah les belles menottes, <\/em><br \/> <em>Ah les belles menottes que j&rsquo;ai !\u2028<\/em><br \/> <em>Menotte \u00e0 maman,<\/em><br \/> <em>Menotte \u00e0 papa,<\/em><br \/> <em>Menotte \u00e0 l&rsquo;enfant,<\/em><br \/> <em>Menottes \u00e0 tout le monde !<\/em><\/p>\n<p>Comment te dire le monde ?<br \/> Tu n&rsquo;as que quelques mois.<br \/> Nous nous regardons et ne cessons de faire connaissance.<br \/> Comme c&rsquo;est impressionnant !<br \/> Tout semble te fasciner.<\/p>\n<p>N&rsquo;est-il pas merveilleux de te voir si petit compl\u00e8tement charm\u00e9 par mes mains qui dansent au dessus de ton berceau au son \u00abd&rsquo;Ainsi font, font, font les petites marionnettes\u00bb ou \u00abdes belles menottes que j&rsquo;ai\u00bb !<br \/> Formulette qui vient du fond de ma m\u00e9moire et me revient en ta pr\u00e9sence.<br \/> Je te vois sourire.<br \/> Est-ce \u00e0 moi que tu souris ? \u00e0 ces mains qui dansent, jouent pour toi, ces menottes ou menettes petits mots cr\u00e9\u00e9s, invent\u00e9s sp\u00e9cialement pour toi ? \u00e0 cette m\u00e9lodie et \u00e0 ceux qui me l&rsquo;ont transmise ?<br \/> Quel bonheur de te voir babiller, me solliciter, m&rsquo;appeler.<\/p>\n<p>Ah les belles menottes !<br \/> Mains fascinantes qui caressent et qui chatouillent, qui prennent et qui donnent, qui te disent bonjour et au revoir.<br \/> Mains qui parlent et racontent tant de choses.<\/p>\n<p>Ah les belles menottes !<br \/> Ce petit th\u00e9\u00e2tre des mains nous accompagne jour apr\u00e8s jour.<br \/> C&rsquo;est un grand moment de joie et tu ne t&rsquo;en lasses pas.<br \/> Quel bonheur de te voir regarder avec attention ta propre main puis la mienne, de faire ce va-et-vient entre toi et moi et tisser petit \u00e0 petit ces liens entre le corps et la parole .<br \/> Doucement ce jeu devient le tien. \u2028Content, tout au bonheur d&rsquo;\u00eatre l\u00e0, tu me montres tes mains en chantonnant : \u00abMenotte, papa, maman, menottes tout le monde\u00bb.<\/p>\n<p>Tu cherches mon regard, je te souris.<br \/> Quel chemin parcouru ! \u2028Une d\u00e9couverte joyeuse de soi, de l&rsquo;autre, des autres.<\/p>\n<p class=\"p1\">\n[\/et_pb_text][et_pb_text _builder_version=\u00a0\u00bb4.2.2&Prime; link_option_url=\u00a0\u00bbhttp:\/\/lespetitspouces.mediathequederoubaix.fr\/\u00a0\u00bb link_option_url_new_window=\u00a0\u00bbon\u00a0\u00bb]<p><span style=\"text-decoration: underline;\">http:\/\/lespetitspouces.mediathequederoubaix.fr<\/span><\/p>[\/et_pb_text][\/et_pb_column][\/et_pb_row][\/et_pb_section]\n","protected":false},"excerpt":{"rendered":"<p>Un web documentaire en ligne pour d\u00e9couvrir les jeux de doigts et\u00a0autres\u00a0enfantines.Un web documentaire fait de trois volets \u00a0\u00abJouer et se rencontrer\u00bb , \u00abJouer et recevoir , \u00abJouer et grandir\u00bb avec des vid\u00e9os, des images, des articles\u2026\u00a0Un web documentaire pour partager la richesse de ce r\u00e9pertoire et donner envie de le transmettre, de le jouerDepuis [&hellip;]<\/p>\n","protected":false},"author":1,"featured_media":0,"parent":0,"menu_order":0,"comment_status":"closed","ping_status":"closed","template":"","meta":{"_et_pb_use_builder":"on","_et_pb_old_content":"","_et_gb_content_width":"","footnotes":""},"class_list":["post-353","page","type-page","status-publish","hentry"],"yoast_head":"<!-- This site is optimized with the Yoast SEO plugin v27.4 - https:\/\/yoast.com\/product\/yoast-seo-wordpress\/ -->\n<title>Les petits pouces -<\/title>\n<meta name=\"description\" content=\"Un web documentaire en ligne pour d\u00e9couvrir les jeux de doigts et autres enfantines.Un web documentaire fait de trois volets \u00abJouer et se rencontrer\u00bb , \u00abJouer et recevoir , \u00abJouer et grandir\u00bb avec des vid\u00e9os, des images, des articles\u2026 Un web documentaire pour partager la richesse de ce r\u00e9pertoire et donner envie de le transmettre, de le jouer\" \/>\n<meta name=\"robots\" content=\"index, follow, max-snippet:-1, max-image-preview:large, max-video-preview:-1\" \/>\n<link rel=\"canonical\" href=\"https:\/\/mariefrancepainset.net\/web\/les-petits-pouces-publication-marie-france-painset\/\" \/>\n<meta property=\"og:locale\" content=\"fr_FR\" \/>\n<meta property=\"og:type\" content=\"article\" \/>\n<meta property=\"og:title\" content=\"Les petits pouces -\" \/>\n<meta property=\"og:description\" content=\"Un web documentaire en ligne pour d\u00e9couvrir les jeux de doigts et autres enfantines.Un web documentaire fait de trois volets \u00abJouer et se rencontrer\u00bb , \u00abJouer et recevoir , \u00abJouer et grandir\u00bb avec des vid\u00e9os, des images, des articles\u2026 Un web documentaire pour partager la richesse de ce r\u00e9pertoire et donner envie de le transmettre, de le jouer\" \/>\n<meta property=\"og:url\" content=\"https:\/\/mariefrancepainset.net\/web\/les-petits-pouces-publication-marie-france-painset\/\" \/>\n<meta property=\"article:modified_time\" content=\"2023-02-02T16:42:56+00:00\" \/>\n<meta name=\"twitter:card\" content=\"summary_large_image\" \/>\n<meta name=\"twitter:label1\" content=\"Dur\u00e9e de lecture estim\u00e9e\" \/>\n\t<meta name=\"twitter:data1\" content=\"3 minutes\" \/>\n<script type=\"application\/ld+json\" class=\"yoast-schema-graph\">{\"@context\":\"https:\\\/\\\/schema.org\",\"@graph\":[{\"@type\":\"WebPage\",\"@id\":\"https:\\\/\\\/mariefrancepainset.net\\\/web\\\/les-petits-pouces-publication-marie-france-painset\\\/\",\"url\":\"https:\\\/\\\/mariefrancepainset.net\\\/web\\\/les-petits-pouces-publication-marie-france-painset\\\/\",\"name\":\"Les petits pouces -\",\"isPartOf\":{\"@id\":\"https:\\\/\\\/mariefrancepainset.net\\\/web\\\/#website\"},\"datePublished\":\"2019-11-15T14:20:33+00:00\",\"dateModified\":\"2023-02-02T16:42:56+00:00\",\"description\":\"Un web documentaire en ligne pour d\u00e9couvrir les jeux de doigts et autres enfantines.Un web documentaire fait de trois volets \u00abJouer et se rencontrer\u00bb , \u00abJouer et recevoir , \u00abJouer et grandir\u00bb avec des vid\u00e9os, des images, des articles\u2026 Un web documentaire pour partager la richesse de ce r\u00e9pertoire et donner envie de le transmettre, de le jouer\",\"breadcrumb\":{\"@id\":\"https:\\\/\\\/mariefrancepainset.net\\\/web\\\/les-petits-pouces-publication-marie-france-painset\\\/#breadcrumb\"},\"inLanguage\":\"fr-FR\",\"potentialAction\":[{\"@type\":\"ReadAction\",\"target\":[\"https:\\\/\\\/mariefrancepainset.net\\\/web\\\/les-petits-pouces-publication-marie-france-painset\\\/\"]}]},{\"@type\":\"BreadcrumbList\",\"@id\":\"https:\\\/\\\/mariefrancepainset.net\\\/web\\\/les-petits-pouces-publication-marie-france-painset\\\/#breadcrumb\",\"itemListElement\":[{\"@type\":\"ListItem\",\"position\":1,\"name\":\"Accueil\",\"item\":\"https:\\\/\\\/mariefrancepainset.net\\\/web\\\/\"},{\"@type\":\"ListItem\",\"position\":2,\"name\":\"Les petits pouces\"}]},{\"@type\":\"WebSite\",\"@id\":\"https:\\\/\\\/mariefrancepainset.net\\\/web\\\/#website\",\"url\":\"https:\\\/\\\/mariefrancepainset.net\\\/web\\\/\",\"name\":\"\",\"description\":\"Jouer, chanter, dire\u2026 lire, transmettre\",\"potentialAction\":[{\"@type\":\"SearchAction\",\"target\":{\"@type\":\"EntryPoint\",\"urlTemplate\":\"https:\\\/\\\/mariefrancepainset.net\\\/web\\\/?s={search_term_string}\"},\"query-input\":{\"@type\":\"PropertyValueSpecification\",\"valueRequired\":true,\"valueName\":\"search_term_string\"}}],\"inLanguage\":\"fr-FR\"}]}<\/script>\n<!-- \/ Yoast SEO plugin. -->","yoast_head_json":{"title":"Les petits pouces -","description":"Un web documentaire en ligne pour d\u00e9couvrir les jeux de doigts et autres enfantines.Un web documentaire fait de trois volets \u00abJouer et se rencontrer\u00bb , \u00abJouer et recevoir , \u00abJouer et grandir\u00bb avec des vid\u00e9os, des images, des articles\u2026 Un web documentaire pour partager la richesse de ce r\u00e9pertoire et donner envie de le transmettre, de le jouer","robots":{"index":"index","follow":"follow","max-snippet":"max-snippet:-1","max-image-preview":"max-image-preview:large","max-video-preview":"max-video-preview:-1"},"canonical":"https:\/\/mariefrancepainset.net\/web\/les-petits-pouces-publication-marie-france-painset\/","og_locale":"fr_FR","og_type":"article","og_title":"Les petits pouces -","og_description":"Un web documentaire en ligne pour d\u00e9couvrir les jeux de doigts et autres enfantines.Un web documentaire fait de trois volets \u00abJouer et se rencontrer\u00bb , \u00abJouer et recevoir , \u00abJouer et grandir\u00bb avec des vid\u00e9os, des images, des articles\u2026 Un web documentaire pour partager la richesse de ce r\u00e9pertoire et donner envie de le transmettre, de le jouer","og_url":"https:\/\/mariefrancepainset.net\/web\/les-petits-pouces-publication-marie-france-painset\/","article_modified_time":"2023-02-02T16:42:56+00:00","twitter_card":"summary_large_image","twitter_misc":{"Dur\u00e9e de lecture estim\u00e9e":"3 minutes"},"schema":{"@context":"https:\/\/schema.org","@graph":[{"@type":"WebPage","@id":"https:\/\/mariefrancepainset.net\/web\/les-petits-pouces-publication-marie-france-painset\/","url":"https:\/\/mariefrancepainset.net\/web\/les-petits-pouces-publication-marie-france-painset\/","name":"Les petits pouces -","isPartOf":{"@id":"https:\/\/mariefrancepainset.net\/web\/#website"},"datePublished":"2019-11-15T14:20:33+00:00","dateModified":"2023-02-02T16:42:56+00:00","description":"Un web documentaire en ligne pour d\u00e9couvrir les jeux de doigts et autres enfantines.Un web documentaire fait de trois volets \u00abJouer et se rencontrer\u00bb , \u00abJouer et recevoir , \u00abJouer et grandir\u00bb avec des vid\u00e9os, des images, des articles\u2026 Un web documentaire pour partager la richesse de ce r\u00e9pertoire et donner envie de le transmettre, de le jouer","breadcrumb":{"@id":"https:\/\/mariefrancepainset.net\/web\/les-petits-pouces-publication-marie-france-painset\/#breadcrumb"},"inLanguage":"fr-FR","potentialAction":[{"@type":"ReadAction","target":["https:\/\/mariefrancepainset.net\/web\/les-petits-pouces-publication-marie-france-painset\/"]}]},{"@type":"BreadcrumbList","@id":"https:\/\/mariefrancepainset.net\/web\/les-petits-pouces-publication-marie-france-painset\/#breadcrumb","itemListElement":[{"@type":"ListItem","position":1,"name":"Accueil","item":"https:\/\/mariefrancepainset.net\/web\/"},{"@type":"ListItem","position":2,"name":"Les petits pouces"}]},{"@type":"WebSite","@id":"https:\/\/mariefrancepainset.net\/web\/#website","url":"https:\/\/mariefrancepainset.net\/web\/","name":"","description":"Jouer, chanter, dire\u2026 lire, transmettre","potentialAction":[{"@type":"SearchAction","target":{"@type":"EntryPoint","urlTemplate":"https:\/\/mariefrancepainset.net\/web\/?s={search_term_string}"},"query-input":{"@type":"PropertyValueSpecification","valueRequired":true,"valueName":"search_term_string"}}],"inLanguage":"fr-FR"}]}},"_links":{"self":[{"href":"https:\/\/mariefrancepainset.net\/web\/wp-json\/wp\/v2\/pages\/353","targetHints":{"allow":["GET"]}}],"collection":[{"href":"https:\/\/mariefrancepainset.net\/web\/wp-json\/wp\/v2\/pages"}],"about":[{"href":"https:\/\/mariefrancepainset.net\/web\/wp-json\/wp\/v2\/types\/page"}],"author":[{"embeddable":true,"href":"https:\/\/mariefrancepainset.net\/web\/wp-json\/wp\/v2\/users\/1"}],"replies":[{"embeddable":true,"href":"https:\/\/mariefrancepainset.net\/web\/wp-json\/wp\/v2\/comments?post=353"}],"version-history":[{"count":15,"href":"https:\/\/mariefrancepainset.net\/web\/wp-json\/wp\/v2\/pages\/353\/revisions"}],"predecessor-version":[{"id":893,"href":"https:\/\/mariefrancepainset.net\/web\/wp-json\/wp\/v2\/pages\/353\/revisions\/893"}],"wp:attachment":[{"href":"https:\/\/mariefrancepainset.net\/web\/wp-json\/wp\/v2\/media?parent=353"}],"curies":[{"name":"wp","href":"https:\/\/api.w.org\/{rel}","templated":true}]}}