{"id":357,"date":"2019-11-15T15:22:22","date_gmt":"2019-11-15T14:22:22","guid":{"rendered":"https:\/\/mariefrancepainset.net\/web\/?page_id=357"},"modified":"2023-02-02T16:02:21","modified_gmt":"2023-02-02T15:02:21","slug":"louyetu-publication-marie-france-painset","status":"publish","type":"page","link":"https:\/\/mariefrancepainset.net\/web\/louyetu-publication-marie-france-painset\/","title":{"rendered":"Louy\u00e9tu"},"content":{"rendered":"<p>[et_pb_section fb_built=\u00a0\u00bb1&Prime; fullwidth=\u00a0\u00bbon\u00a0\u00bb _builder_version=\u00a0\u00bb4.0.6&Prime;][et_pb_fullwidth_image src=\u00a0\u00bbhttps:\/\/mariefrancepainset.net\/web\/wp-content\/uploads\/2020\/01\/aset.jpg\u00a0\u00bb _builder_version=\u00a0\u00bb4.3.4&Prime; min_height=\u00a0\u00bb172px\u00a0\u00bb animation_style=\u00a0\u00bbfade\u00a0\u00bb custom_padding=\u00a0\u00bb||2px|||\u00a0\u00bb][\/et_pb_fullwidth_image][\/et_pb_section][et_pb_section fb_built=\u00a0\u00bb1&Prime; _builder_version=\u00a0\u00bb4.0.6&Prime; custom_margin=\u00a0\u00bb-2px|||||\u00a0\u00bb collapsed=\u00a0\u00bbon\u00a0\u00bb custom_padding=\u00a0\u00bb||0px|||\u00a0\u00bb][et_pb_row _builder_version=\u00a0\u00bb4.0.6&Prime; min_height=\u00a0\u00bb226px\u00a0\u00bb custom_margin=\u00a0\u00bb|auto|-20px|auto||\u00a0\u00bb custom_padding=\u00a0\u00bb||0px|||\u00a0\u00bb][et_pb_column type=\u00a0\u00bb4_4&Prime; _builder_version=\u00a0\u00bb4.0.6&Prime;][et_pb_text _builder_version=\u00a0\u00bb4.0.6&Prime; custom_margin=\u00a0\u00bb3px|||||\u00a0\u00bb custom_padding=\u00a0\u00bb0px||0px|||\u00a0\u00bb min_height=\u00a0\u00bb170px\u00a0\u00bb]<\/p>\n<p class=\"p1\" style=\"text-align: left;\"><strong>Rencontre avec des enfants tziganes autour des comptines, des virelangues<\/strong><\/p>\n<p class=\"p1\" style=\"text-align: left;\"><span style=\"font-size: 14px; line-height: 1.7em;\">\u00c0 l&rsquo;initiative \u00a0de l&rsquo;Agence pour la solidarit\u00e9 et l&rsquo;\u00e9galit\u00e9 des chances autour de projets sur les pratiques langagi\u00e8res,\u00a0<\/span>avec L\u2019ASET Nord (Aide \u00e0 la Scolarisation des Enfants Tsiganes), leurs trois antennes scolaires mobiles et\u00a0la biblioth\u00e8que du voyage. Nous sommes all\u00e9es Marina ROSELLE, plasticienne et moi \u00e0 la rencontre des enfants tziganes avec comptines, formulettes de jeux , virelangues &#8230;<\/p>\n<div id=\"pageHead\">\n<div class=\"projectNav clearfix\">\n<div class=\"previous \"><a href=\"http:\/\/jeanchristophebattesti.ovh\/project\/100-mots-pour-comprendre\/\" rel=\"prev\"><\/a><\/div>\n<\/div>\n<\/div>\n<div id=\"content\" class=\"full\">\n<div class=\"project clearfix\">\n<p>Le livret\/CD \u00ab\u00a0Louy\u00e9tu\u00a0\u00bb est le reflet de ces rencontres.<\/p>\n<\/div>\n<\/div>\n<p>&nbsp;<\/p>\n<p>[\/et_pb_text][\/et_pb_column][\/et_pb_row][\/et_pb_section][et_pb_section fb_built=\u00a0\u00bb1&Prime; _builder_version=\u00a0\u00bb4.0.9&Prime; background_color=\u00a0\u00bb#d7d5c5&Prime; min_height=\u00a0\u00bb359px\u00a0\u00bb custom_margin=\u00a0\u00bb27px|||||\u00a0\u00bb custom_padding=\u00a0\u00bb11px||39px|||\u00a0\u00bb locked=\u00a0\u00bboff\u00a0\u00bb][et_pb_row _builder_version=\u00a0\u00bb4.3.4&Prime; min_height=\u00a0\u00bb268px\u00a0\u00bb custom_margin=\u00a0\u00bb|auto|-12px|auto||\u00a0\u00bb custom_padding=\u00a0\u00bb0px||1px|||\u00a0\u00bb locked=\u00a0\u00bboff\u00a0\u00bb][et_pb_column type=\u00a0\u00bb4_4&Prime; _builder_version=\u00a0\u00bb4.0.6&Prime;][et_pb_image src=\u00a0\u00bbhttps:\/\/mariefrancepainset.net\/web\/wp-content\/uploads\/2020\/03\/louye\u0301tu-Livret.png\u00a0\u00bb _builder_version=\u00a0\u00bb4.3.4&Prime; custom_margin=\u00a0\u00bb23px||1px|||\u00a0\u00bb custom_padding=\u00a0\u00bb|0px||||\u00a0\u00bb min_height=\u00a0\u00bb226px\u00a0\u00bb][\/et_pb_image][\/et_pb_column][\/et_pb_row][\/et_pb_section][et_pb_section fb_built=\u00a0\u00bb1&Prime; _builder_version=\u00a0\u00bb4.0.6&Prime; custom_margin=\u00a0\u00bb62px|||||\u00a0\u00bb custom_padding=\u00a0\u00bb4px|||||\u00a0\u00bb][et_pb_row _builder_version=\u00a0\u00bb4.3.4&Prime; min_height=\u00a0\u00bb1034px\u00a0\u00bb][et_pb_column type=\u00a0\u00bb4_4&Prime; _builder_version=\u00a0\u00bb4.0.6&Prime;][et_pb_text _builder_version=\u00a0\u00bb4.3.4&Prime; custom_padding=\u00a0\u00bb0px|||||\u00a0\u00bb custom_margin=\u00a0\u00bb-49px|||||\u00a0\u00bb min_height=\u00a0\u00bb690px\u00a0\u00bb]<\/p>\n<p class=\"p1\">Joie du rythme, du son, la comptine est une invitation \u00e0 go\u00fbter les mots, \u00e0 jouer avec la langue de mani\u00e8re charnelle, \u00e0 faire du langage une vrai f\u00eate.<br \/> La comptine, par sa simplicit\u00e9, sa forme, sa bri\u00e8vet\u00e9 a un grand pouvoir d\u2019\u00e9vocation. Les images qui en jaillissent sont imm\u00e9diates, claires et fortes et nous nous en sommes largement r\u00e9gal\u00e9s.<br \/> Inattendue, farfelue, fantaisiste, elle fr\u00f4le le non-sens et la po\u00e9sie dans ce qu\u2019elle a de plus libre.<br \/> Et c\u2019est en toute libert\u00e9 qu\u2019une bonne vache, un petit cheval, un roudoudou, une pomme de reinette, une m\u00e8re Angot, un homme de l\u2019espace&#8230; nous ont accompagn\u00e9 lors de nos rencontres.<\/p>\n<p class=\"p1\">Avec les enfants, nous avons beaucoup ri, nous nous sommes amus\u00e9s en fran\u00e7ais, parfois en roman\u00e9s \u00e0 compter, \u201c\u2009trouer\u2009\u201d, \u2028d\u00e9signer, \u00e9liminer, dire, r\u00e9p\u00e9ter, m\u00e9moriser, imiter, tromper, berner, raconter, inventer&#8230;<br \/> La comptine est une invitation \u00e0 jouer, \u00e0 \u00eatre.<br \/> Le jeu \u00e9tant peut-\u00eatre la plus s\u00fbre mani\u00e8re de grandir, petits et grands nous avons jou\u00e9 encore et encore&#8230;<\/p>\n<p><em> Migue migue migue me<\/em><br \/><em>madame est aupr\u00e8s du feu\u2028<\/em><br \/><em>qui n\u2019a rien pour son souper <\/em><br \/><em>qu\u2019un petit crapaud grill\u00e9 <\/em><br \/><em>\u2028grille saucisse grille saucisson\u2028<\/em><br \/><em>attrapons\u2009!<\/em><\/p>\n<p class=\"p1\">Entre corps et paroles, nous avons os\u00e9 la rencontre ; nos doigts, nos mains se sont fr\u00f4l\u00e9s, caress\u00e9s, chatouill\u00e9s, attrap\u00e9s, d\u00e9rob\u00e9s, heurt\u00e9s, frott\u00e9s et nos regards se sont crois\u00e9s, interrog\u00e9s, cherch\u00e9s, devin\u00e9s, trouv\u00e9s\u2026<\/p>\n<p class=\"p1\">Merci aux enfants pour ces beaux moments partag\u00e9s.<\/p>\n<p>[\/et_pb_text][et_pb_social_media_follow follow_button=\u00a0\u00bbon\u00a0\u00bb _builder_version=\u00a0\u00bb4.3.4&Prime;][et_pb_social_media_follow_network social_network=\u00a0\u00bbfacebook\u00a0\u00bb url=\u00a0\u00bbhttps:\/\/www.facebook.com\/profile.php?id=100013046262066&Prime; _builder_version=\u00a0\u00bb4.3.4&Prime; background_color=\u00a0\u00bb#3b5998&Prime; follow_button=\u00a0\u00bbon\u00a0\u00bb url_new_window=\u00a0\u00bbon\u00a0\u00bb]facebook[\/et_pb_social_media_follow_network][\/et_pb_social_media_follow][\/et_pb_column][\/et_pb_row][\/et_pb_section]<\/p>\n","protected":false},"excerpt":{"rendered":"<p>Rencontre avec des enfants tziganes autour des comptines, des virelangues \u00c0 l&rsquo;initiative \u00a0de l&rsquo;Agence pour la solidarit\u00e9 et l&rsquo;\u00e9galit\u00e9 des chances autour de projets sur les pratiques langagi\u00e8res,\u00a0avec L\u2019ASET Nord (Aide \u00e0 la Scolarisation des Enfants Tsiganes), leurs trois antennes scolaires mobiles et\u00a0la biblioth\u00e8que du voyage. Nous sommes all\u00e9es Marina ROSELLE, plasticienne et moi \u00e0 [&hellip;]<\/p>\n","protected":false},"author":1,"featured_media":0,"parent":0,"menu_order":0,"comment_status":"closed","ping_status":"closed","template":"","meta":{"_et_pb_use_builder":"on","_et_pb_old_content":"","_et_gb_content_width":"","footnotes":""},"class_list":["post-357","page","type-page","status-publish","hentry"],"yoast_head":"<!-- This site is optimized with the Yoast SEO plugin v27.4 - https:\/\/yoast.com\/product\/yoast-seo-wordpress\/ -->\n<title>Louy\u00e9tu -<\/title>\n<meta name=\"robots\" content=\"index, follow, max-snippet:-1, max-image-preview:large, max-video-preview:-1\" \/>\n<link rel=\"canonical\" href=\"https:\/\/mariefrancepainset.net\/web\/louyetu-publication-marie-france-painset\/\" \/>\n<meta property=\"og:locale\" content=\"fr_FR\" \/>\n<meta property=\"og:type\" content=\"article\" \/>\n<meta property=\"og:title\" content=\"Louy\u00e9tu -\" \/>\n<meta property=\"og:description\" content=\"Rencontre avec des enfants tziganes autour des comptines, des virelangues \u00c0 l&#039;initiative \u00a0de l&#039;Agence pour la solidarit\u00e9 et l&#039;\u00e9galit\u00e9 des chances autour de projets sur les pratiques langagi\u00e8res,\u00a0avec L\u2019ASET Nord (Aide \u00e0 la Scolarisation des Enfants Tsiganes), leurs trois antennes scolaires mobiles et\u00a0la biblioth\u00e8que du voyage. Nous sommes all\u00e9es Marina ROSELLE, plasticienne et moi \u00e0 [&hellip;]\" \/>\n<meta property=\"og:url\" content=\"https:\/\/mariefrancepainset.net\/web\/louyetu-publication-marie-france-painset\/\" \/>\n<meta property=\"article:modified_time\" content=\"2023-02-02T15:02:21+00:00\" \/>\n<meta name=\"twitter:card\" content=\"summary_large_image\" \/>\n<meta name=\"twitter:label1\" content=\"Dur\u00e9e de lecture estim\u00e9e\" \/>\n\t<meta name=\"twitter:data1\" content=\"3 minutes\" \/>\n<script type=\"application\/ld+json\" class=\"yoast-schema-graph\">{\"@context\":\"https:\\\/\\\/schema.org\",\"@graph\":[{\"@type\":\"WebPage\",\"@id\":\"https:\\\/\\\/mariefrancepainset.net\\\/web\\\/louyetu-publication-marie-france-painset\\\/\",\"url\":\"https:\\\/\\\/mariefrancepainset.net\\\/web\\\/louyetu-publication-marie-france-painset\\\/\",\"name\":\"Louy\u00e9tu -\",\"isPartOf\":{\"@id\":\"https:\\\/\\\/mariefrancepainset.net\\\/web\\\/#website\"},\"datePublished\":\"2019-11-15T14:22:22+00:00\",\"dateModified\":\"2023-02-02T15:02:21+00:00\",\"breadcrumb\":{\"@id\":\"https:\\\/\\\/mariefrancepainset.net\\\/web\\\/louyetu-publication-marie-france-painset\\\/#breadcrumb\"},\"inLanguage\":\"fr-FR\",\"potentialAction\":[{\"@type\":\"ReadAction\",\"target\":[\"https:\\\/\\\/mariefrancepainset.net\\\/web\\\/louyetu-publication-marie-france-painset\\\/\"]}]},{\"@type\":\"BreadcrumbList\",\"@id\":\"https:\\\/\\\/mariefrancepainset.net\\\/web\\\/louyetu-publication-marie-france-painset\\\/#breadcrumb\",\"itemListElement\":[{\"@type\":\"ListItem\",\"position\":1,\"name\":\"Accueil\",\"item\":\"https:\\\/\\\/mariefrancepainset.net\\\/web\\\/\"},{\"@type\":\"ListItem\",\"position\":2,\"name\":\"Louy\u00e9tu\"}]},{\"@type\":\"WebSite\",\"@id\":\"https:\\\/\\\/mariefrancepainset.net\\\/web\\\/#website\",\"url\":\"https:\\\/\\\/mariefrancepainset.net\\\/web\\\/\",\"name\":\"\",\"description\":\"Jouer, chanter, dire\u2026 lire, transmettre\",\"potentialAction\":[{\"@type\":\"SearchAction\",\"target\":{\"@type\":\"EntryPoint\",\"urlTemplate\":\"https:\\\/\\\/mariefrancepainset.net\\\/web\\\/?s={search_term_string}\"},\"query-input\":{\"@type\":\"PropertyValueSpecification\",\"valueRequired\":true,\"valueName\":\"search_term_string\"}}],\"inLanguage\":\"fr-FR\"}]}<\/script>\n<!-- \/ Yoast SEO plugin. -->","yoast_head_json":{"title":"Louy\u00e9tu -","robots":{"index":"index","follow":"follow","max-snippet":"max-snippet:-1","max-image-preview":"max-image-preview:large","max-video-preview":"max-video-preview:-1"},"canonical":"https:\/\/mariefrancepainset.net\/web\/louyetu-publication-marie-france-painset\/","og_locale":"fr_FR","og_type":"article","og_title":"Louy\u00e9tu -","og_description":"Rencontre avec des enfants tziganes autour des comptines, des virelangues \u00c0 l'initiative \u00a0de l'Agence pour la solidarit\u00e9 et l'\u00e9galit\u00e9 des chances autour de projets sur les pratiques langagi\u00e8res,\u00a0avec L\u2019ASET Nord (Aide \u00e0 la Scolarisation des Enfants Tsiganes), leurs trois antennes scolaires mobiles et\u00a0la biblioth\u00e8que du voyage. Nous sommes all\u00e9es Marina ROSELLE, plasticienne et moi \u00e0 [&hellip;]","og_url":"https:\/\/mariefrancepainset.net\/web\/louyetu-publication-marie-france-painset\/","article_modified_time":"2023-02-02T15:02:21+00:00","twitter_card":"summary_large_image","twitter_misc":{"Dur\u00e9e de lecture estim\u00e9e":"3 minutes"},"schema":{"@context":"https:\/\/schema.org","@graph":[{"@type":"WebPage","@id":"https:\/\/mariefrancepainset.net\/web\/louyetu-publication-marie-france-painset\/","url":"https:\/\/mariefrancepainset.net\/web\/louyetu-publication-marie-france-painset\/","name":"Louy\u00e9tu -","isPartOf":{"@id":"https:\/\/mariefrancepainset.net\/web\/#website"},"datePublished":"2019-11-15T14:22:22+00:00","dateModified":"2023-02-02T15:02:21+00:00","breadcrumb":{"@id":"https:\/\/mariefrancepainset.net\/web\/louyetu-publication-marie-france-painset\/#breadcrumb"},"inLanguage":"fr-FR","potentialAction":[{"@type":"ReadAction","target":["https:\/\/mariefrancepainset.net\/web\/louyetu-publication-marie-france-painset\/"]}]},{"@type":"BreadcrumbList","@id":"https:\/\/mariefrancepainset.net\/web\/louyetu-publication-marie-france-painset\/#breadcrumb","itemListElement":[{"@type":"ListItem","position":1,"name":"Accueil","item":"https:\/\/mariefrancepainset.net\/web\/"},{"@type":"ListItem","position":2,"name":"Louy\u00e9tu"}]},{"@type":"WebSite","@id":"https:\/\/mariefrancepainset.net\/web\/#website","url":"https:\/\/mariefrancepainset.net\/web\/","name":"","description":"Jouer, chanter, dire\u2026 lire, transmettre","potentialAction":[{"@type":"SearchAction","target":{"@type":"EntryPoint","urlTemplate":"https:\/\/mariefrancepainset.net\/web\/?s={search_term_string}"},"query-input":{"@type":"PropertyValueSpecification","valueRequired":true,"valueName":"search_term_string"}}],"inLanguage":"fr-FR"}]}},"_links":{"self":[{"href":"https:\/\/mariefrancepainset.net\/web\/wp-json\/wp\/v2\/pages\/357","targetHints":{"allow":["GET"]}}],"collection":[{"href":"https:\/\/mariefrancepainset.net\/web\/wp-json\/wp\/v2\/pages"}],"about":[{"href":"https:\/\/mariefrancepainset.net\/web\/wp-json\/wp\/v2\/types\/page"}],"author":[{"embeddable":true,"href":"https:\/\/mariefrancepainset.net\/web\/wp-json\/wp\/v2\/users\/1"}],"replies":[{"embeddable":true,"href":"https:\/\/mariefrancepainset.net\/web\/wp-json\/wp\/v2\/comments?post=357"}],"version-history":[{"count":9,"href":"https:\/\/mariefrancepainset.net\/web\/wp-json\/wp\/v2\/pages\/357\/revisions"}],"predecessor-version":[{"id":753,"href":"https:\/\/mariefrancepainset.net\/web\/wp-json\/wp\/v2\/pages\/357\/revisions\/753"}],"wp:attachment":[{"href":"https:\/\/mariefrancepainset.net\/web\/wp-json\/wp\/v2\/media?parent=357"}],"curies":[{"name":"wp","href":"https:\/\/api.w.org\/{rel}","templated":true}]}}