{"id":556,"date":"2020-01-27T10:54:44","date_gmt":"2020-01-27T09:54:44","guid":{"rendered":"https:\/\/mariefrancepainset.net\/web\/?page_id=556"},"modified":"2023-02-02T23:31:11","modified_gmt":"2023-02-02T22:31:11","slug":"entre-corps-et-paroles-conference-marie-france-painset","status":"publish","type":"page","link":"https:\/\/mariefrancepainset.net\/web\/entre-corps-et-paroles-conference-marie-france-painset\/","title":{"rendered":"Entre corps et paroles"},"content":{"rendered":"<p>[et_pb_section fb_built=\u00a0\u00bb1&Prime; fullwidth=\u00a0\u00bbon\u00a0\u00bb _builder_version=\u00a0\u00bb4.16&Prime; global_colors_info=\u00a0\u00bb{}\u00a0\u00bb][et_pb_fullwidth_image src=\u00a0\u00bbhttps:\/\/mariefrancepainset.net\/web\/wp-content\/uploads\/2023\/02\/Entre-corps-et-paroles.jpg\u00a0\u00bb _builder_version=\u00a0\u00bb4.19.5&Prime; _module_preset=\u00a0\u00bbdefault\u00a0\u00bb title_text=\u00a0\u00bbEntre-corps-et-paroles\u00a0\u00bb hover_enabled=\u00a0\u00bb0&Prime; sticky_enabled=\u00a0\u00bb0&Prime;][\/et_pb_fullwidth_image][\/et_pb_section][et_pb_section fb_built=\u00a0\u00bb1&Prime; _builder_version=\u00a0\u00bb4.16&Prime; min_height=\u00a0\u00bb229px\u00a0\u00bb custom_padding=\u00a0\u00bb||32px|||\u00a0\u00bb collapsed=\u00a0\u00bbon\u00a0\u00bb global_colors_info=\u00a0\u00bb{}\u00a0\u00bb][et_pb_row _builder_version=\u00a0\u00bb4.16&Prime; global_colors_info=\u00a0\u00bb{}\u00a0\u00bb][et_pb_column type=\u00a0\u00bb4_4&Prime; _builder_version=\u00a0\u00bb4.16&Prime; global_colors_info=\u00a0\u00bb{}\u00a0\u00bb][et_pb_text _builder_version=\u00a0\u00bb4.16&Prime; global_colors_info=\u00a0\u00bb{}\u00a0\u00bb]<\/p>\n<p><strong>Berceuses, comptines, formulettes, jeux dans\u00e9s\u2026\u00a0<\/strong><\/p>\n<p>Accordons-nous ces temps pr\u00e9cieux, libre de jouer, de r\u00eaver .<br \/> Chantons, jouons, racontons, lisons\u2026<br \/> Partageons cette capacit\u00e9 que nous avons, \u00eatre humains, de faire na\u00eetre en nous des images, des sensations, des \u00e9motions\u2026<br \/> Laissons-nous prendre par les mots !<br \/> Emmenons les tout-petits vers la po\u00e9sie!<\/p>\n<p><strong>\u00c0 travers ce travail, j\u2019aime interroger le regard que nous portons sur l\u2019enfance, \u00e9changer sur notre relation au petit d\u2019homme.\u00a0<\/strong><\/p>\n<p>[\/et_pb_text][\/et_pb_column][\/et_pb_row][\/et_pb_section][et_pb_section fb_built=\u00a0\u00bb1&Prime; _builder_version=\u00a0\u00bb4.16&Prime; background_color=\u00a0\u00bb#d7d5c5&Prime; custom_padding=\u00a0\u00bb||9px|||\u00a0\u00bb collapsed=\u00a0\u00bbon\u00a0\u00bb global_colors_info=\u00a0\u00bb{}\u00a0\u00bb][et_pb_row _builder_version=\u00a0\u00bb4.16&Prime; min_height=\u00a0\u00bb183px\u00a0\u00bb custom_margin=\u00a0\u00bb-15px|auto||auto||\u00a0\u00bb global_colors_info=\u00a0\u00bb{}\u00a0\u00bb][et_pb_column type=\u00a0\u00bb4_4&Prime; _builder_version=\u00a0\u00bb4.16&Prime; global_colors_info=\u00a0\u00bb{}\u00a0\u00bb][et_pb_text _builder_version=\u00a0\u00bb4.16&Prime; global_colors_info=\u00a0\u00bb{}\u00a0\u00bb]<\/p>\n<p class=\"p1\"><strong>Je propose<\/strong> dans les diff\u00e9rents lieux de la petite enfance, les m\u00e9diath\u00e8ques, les lieux de formation, cours d\u2019alphab\u00e9tisation\u2026 <br \/>des <strong>journ\u00e9es d\u2019\u00e9changes, de r\u00e9flexions et de formations<\/strong> <strong>aupr\u00e8s des adultes.<\/strong><\/p>\n<p class=\"p1\">D\u00e9couvrir, red\u00e9couvrir la richesse des berceuses, des comptines et \u00a0des formulettes, patrimoine ancien sans cesse renouvel\u00e9 et le faire chanter \u00e0 nos oreilles en jouant avec la po\u00e9sie des sons, des mots et des images, oser le partager.<\/p>\n<p>[\/et_pb_text][\/et_pb_column][\/et_pb_row][\/et_pb_section][et_pb_section fb_built=\u00a0\u00bb1&Prime; _builder_version=\u00a0\u00bb4.16&Prime; global_colors_info=\u00a0\u00bb{}\u00a0\u00bb][et_pb_row _builder_version=\u00a0\u00bb4.16&Prime; custom_padding=\u00a0\u00bb0px|||||\u00a0\u00bb global_colors_info=\u00a0\u00bb{}\u00a0\u00bb][et_pb_column type=\u00a0\u00bb4_4&Prime; _builder_version=\u00a0\u00bb4.16&Prime; global_colors_info=\u00a0\u00bb{}\u00a0\u00bb][et_pb_text _builder_version=\u00a0\u00bb4.16&Prime; global_colors_info=\u00a0\u00bb{}\u00a0\u00bb]<\/p>\n<p><em>Dodo l&rsquo;enfant do, l&rsquo;enfant dormira peut-\u00eatre\u2026<\/em><br \/><em>C&rsquo;est la petite Jabotte qui n&rsquo;a ni bas ni bottes et qui monte et qui monte\u2026<\/em><br \/><em>Roudoudou n&rsquo;a pas de femme, il en fait une avec sa canne, il l&rsquo;habille\u2026<\/em><\/p>\n<p>Un r\u00e9pertoire d&rsquo;une richesse insoup\u00e7onn\u00e9e<\/p>\n<p>Berceuses, enfantines, comptines, autres r\u00e9cits que l&rsquo;on nous offre, nous font entrer dans la communaut\u00e9 humaine.<br \/>Quel grand myst\u00e8re la parole et tous ces mots que l&rsquo;on nous murmure, que l&rsquo;on nous dit, que l&rsquo;on nous chante et qui nous enchantent.<br \/>Des sons, des mots, de la musique sous lesquels palpite une vie secr\u00e8te d&rsquo;o\u00f9 surgissent des sensations, des impressions, des images.<br \/>Tout cela voyage en nous, vient nous habiter, vient nous transformer.<br \/>Ces premi\u00e8res exp\u00e9riences po\u00e9tiques touchent \u00e0 l&rsquo;essentiel, \u00e0 ce que nous sommes: des \u00eatres de langages.<\/p>\n<p><strong>Entre corps et paroles qu&rsquo;offrons aux tout-petits ?<\/strong><\/p>\n<p>[\/et_pb_text][et_pb_social_media_follow follow_button=\u00a0\u00bbon\u00a0\u00bb _builder_version=\u00a0\u00bb4.16&Prime; global_colors_info=\u00a0\u00bb{}\u00a0\u00bb][et_pb_social_media_follow_network social_network=\u00a0\u00bbfacebook\u00a0\u00bb url=\u00a0\u00bbhttps:\/\/www.facebook.com\/EntreCorpsEtParoles\u00a0\u00bb _builder_version=\u00a0\u00bb4.16&Prime; background_color=\u00a0\u00bb#3b5998&Prime; global_colors_info=\u00a0\u00bb{}\u00a0\u00bb follow_button=\u00a0\u00bbon\u00a0\u00bb url_new_window=\u00a0\u00bbon\u00a0\u00bb]facebook[\/et_pb_social_media_follow_network][\/et_pb_social_media_follow][\/et_pb_column][\/et_pb_row][\/et_pb_section]<\/p>\n","protected":false},"excerpt":{"rendered":"<p>Berceuses, comptines, formulettes, jeux dans\u00e9s\u2026\u00a0 Accordons-nous ces temps pr\u00e9cieux, libre de jouer, de r\u00eaver . Chantons, jouons, racontons, lisons\u2026 Partageons cette capacit\u00e9 que nous avons, \u00eatre humains, de faire na\u00eetre en nous des images, des sensations, des \u00e9motions\u2026 Laissons-nous prendre par les mots ! Emmenons les tout-petits vers la po\u00e9sie! \u00c0 travers ce travail, j\u2019aime [&hellip;]<\/p>\n","protected":false},"author":1,"featured_media":0,"parent":0,"menu_order":0,"comment_status":"closed","ping_status":"closed","template":"","meta":{"_et_pb_use_builder":"on","_et_pb_old_content":"","_et_gb_content_width":"","footnotes":""},"class_list":["post-556","page","type-page","status-publish","hentry"],"yoast_head":"<!-- This site is optimized with the Yoast SEO plugin v27.4 - https:\/\/yoast.com\/product\/yoast-seo-wordpress\/ -->\n<title>Entre corps et paroles -<\/title>\n<meta name=\"description\" content=\"Berceuses, comptines, formulettes, jeux dans\u00e9s \u2026 Je propose dans les diff\u00e9rents lieux de la petite enfance, les m\u00e9diath\u00e8ques, les lieux de formation, cours d\u2019alphab\u00e9tisation\u2026 des journ\u00e9es d\u2019\u00e9changes, de r\u00e9flexions et de formations aupr\u00e8s des adultes sur ce th\u00e8me : d\u00e9couvrir, red\u00e9couvrir la richesse des berceuses, des comptines et des formulettes, patrimoine ancien sans cesse renouvel\u00e9 et le faire chanter \u00e0 nos oreilles en jouant avec la po\u00e9sie des sons, des mots et des images, oser le partager.\" \/>\n<meta name=\"robots\" content=\"index, follow, max-snippet:-1, max-image-preview:large, max-video-preview:-1\" \/>\n<link rel=\"canonical\" href=\"https:\/\/mariefrancepainset.net\/web\/entre-corps-et-paroles-conference-marie-france-painset\/\" \/>\n<meta property=\"og:locale\" content=\"fr_FR\" \/>\n<meta property=\"og:type\" content=\"article\" \/>\n<meta property=\"og:title\" content=\"Entre corps et paroles -\" \/>\n<meta property=\"og:description\" content=\"Berceuses, comptines, formulettes, jeux dans\u00e9s \u2026 Je propose dans les diff\u00e9rents lieux de la petite enfance, les m\u00e9diath\u00e8ques, les lieux de formation, cours d\u2019alphab\u00e9tisation\u2026 des journ\u00e9es d\u2019\u00e9changes, de r\u00e9flexions et de formations aupr\u00e8s des adultes sur ce th\u00e8me : d\u00e9couvrir, red\u00e9couvrir la richesse des berceuses, des comptines et des formulettes, patrimoine ancien sans cesse renouvel\u00e9 et le faire chanter \u00e0 nos oreilles en jouant avec la po\u00e9sie des sons, des mots et des images, oser le partager.\" \/>\n<meta property=\"og:url\" content=\"https:\/\/mariefrancepainset.net\/web\/entre-corps-et-paroles-conference-marie-france-painset\/\" \/>\n<meta property=\"article:modified_time\" content=\"2023-02-02T22:31:11+00:00\" \/>\n<meta name=\"twitter:card\" content=\"summary_large_image\" \/>\n<meta name=\"twitter:label1\" content=\"Dur\u00e9e de lecture estim\u00e9e\" \/>\n\t<meta name=\"twitter:data1\" content=\"2 minutes\" \/>\n<script type=\"application\/ld+json\" class=\"yoast-schema-graph\">{\"@context\":\"https:\\\/\\\/schema.org\",\"@graph\":[{\"@type\":\"WebPage\",\"@id\":\"https:\\\/\\\/mariefrancepainset.net\\\/web\\\/entre-corps-et-paroles-conference-marie-france-painset\\\/\",\"url\":\"https:\\\/\\\/mariefrancepainset.net\\\/web\\\/entre-corps-et-paroles-conference-marie-france-painset\\\/\",\"name\":\"Entre corps et paroles -\",\"isPartOf\":{\"@id\":\"https:\\\/\\\/mariefrancepainset.net\\\/web\\\/#website\"},\"datePublished\":\"2020-01-27T09:54:44+00:00\",\"dateModified\":\"2023-02-02T22:31:11+00:00\",\"description\":\"Berceuses, comptines, formulettes, jeux dans\u00e9s \u2026 Je propose dans les diff\u00e9rents lieux de la petite enfance, les m\u00e9diath\u00e8ques, les lieux de formation, cours d\u2019alphab\u00e9tisation\u2026 des journ\u00e9es d\u2019\u00e9changes, de r\u00e9flexions et de formations aupr\u00e8s des adultes sur ce th\u00e8me : d\u00e9couvrir, red\u00e9couvrir la richesse des berceuses, des comptines et des formulettes, patrimoine ancien sans cesse renouvel\u00e9 et le faire chanter \u00e0 nos oreilles en jouant avec la po\u00e9sie des sons, des mots et des images, oser le partager.\",\"breadcrumb\":{\"@id\":\"https:\\\/\\\/mariefrancepainset.net\\\/web\\\/entre-corps-et-paroles-conference-marie-france-painset\\\/#breadcrumb\"},\"inLanguage\":\"fr-FR\",\"potentialAction\":[{\"@type\":\"ReadAction\",\"target\":[\"https:\\\/\\\/mariefrancepainset.net\\\/web\\\/entre-corps-et-paroles-conference-marie-france-painset\\\/\"]}]},{\"@type\":\"BreadcrumbList\",\"@id\":\"https:\\\/\\\/mariefrancepainset.net\\\/web\\\/entre-corps-et-paroles-conference-marie-france-painset\\\/#breadcrumb\",\"itemListElement\":[{\"@type\":\"ListItem\",\"position\":1,\"name\":\"Accueil\",\"item\":\"https:\\\/\\\/mariefrancepainset.net\\\/web\\\/\"},{\"@type\":\"ListItem\",\"position\":2,\"name\":\"Entre corps et paroles\"}]},{\"@type\":\"WebSite\",\"@id\":\"https:\\\/\\\/mariefrancepainset.net\\\/web\\\/#website\",\"url\":\"https:\\\/\\\/mariefrancepainset.net\\\/web\\\/\",\"name\":\"\",\"description\":\"Jouer, chanter, dire\u2026 lire, transmettre\",\"potentialAction\":[{\"@type\":\"SearchAction\",\"target\":{\"@type\":\"EntryPoint\",\"urlTemplate\":\"https:\\\/\\\/mariefrancepainset.net\\\/web\\\/?s={search_term_string}\"},\"query-input\":{\"@type\":\"PropertyValueSpecification\",\"valueRequired\":true,\"valueName\":\"search_term_string\"}}],\"inLanguage\":\"fr-FR\"}]}<\/script>\n<!-- \/ Yoast SEO plugin. -->","yoast_head_json":{"title":"Entre corps et paroles -","description":"Berceuses, comptines, formulettes, jeux dans\u00e9s \u2026 Je propose dans les diff\u00e9rents lieux de la petite enfance, les m\u00e9diath\u00e8ques, les lieux de formation, cours d\u2019alphab\u00e9tisation\u2026 des journ\u00e9es d\u2019\u00e9changes, de r\u00e9flexions et de formations aupr\u00e8s des adultes sur ce th\u00e8me : d\u00e9couvrir, red\u00e9couvrir la richesse des berceuses, des comptines et des formulettes, patrimoine ancien sans cesse renouvel\u00e9 et le faire chanter \u00e0 nos oreilles en jouant avec la po\u00e9sie des sons, des mots et des images, oser le partager.","robots":{"index":"index","follow":"follow","max-snippet":"max-snippet:-1","max-image-preview":"max-image-preview:large","max-video-preview":"max-video-preview:-1"},"canonical":"https:\/\/mariefrancepainset.net\/web\/entre-corps-et-paroles-conference-marie-france-painset\/","og_locale":"fr_FR","og_type":"article","og_title":"Entre corps et paroles -","og_description":"Berceuses, comptines, formulettes, jeux dans\u00e9s \u2026 Je propose dans les diff\u00e9rents lieux de la petite enfance, les m\u00e9diath\u00e8ques, les lieux de formation, cours d\u2019alphab\u00e9tisation\u2026 des journ\u00e9es d\u2019\u00e9changes, de r\u00e9flexions et de formations aupr\u00e8s des adultes sur ce th\u00e8me : d\u00e9couvrir, red\u00e9couvrir la richesse des berceuses, des comptines et des formulettes, patrimoine ancien sans cesse renouvel\u00e9 et le faire chanter \u00e0 nos oreilles en jouant avec la po\u00e9sie des sons, des mots et des images, oser le partager.","og_url":"https:\/\/mariefrancepainset.net\/web\/entre-corps-et-paroles-conference-marie-france-painset\/","article_modified_time":"2023-02-02T22:31:11+00:00","twitter_card":"summary_large_image","twitter_misc":{"Dur\u00e9e de lecture estim\u00e9e":"2 minutes"},"schema":{"@context":"https:\/\/schema.org","@graph":[{"@type":"WebPage","@id":"https:\/\/mariefrancepainset.net\/web\/entre-corps-et-paroles-conference-marie-france-painset\/","url":"https:\/\/mariefrancepainset.net\/web\/entre-corps-et-paroles-conference-marie-france-painset\/","name":"Entre corps et paroles -","isPartOf":{"@id":"https:\/\/mariefrancepainset.net\/web\/#website"},"datePublished":"2020-01-27T09:54:44+00:00","dateModified":"2023-02-02T22:31:11+00:00","description":"Berceuses, comptines, formulettes, jeux dans\u00e9s \u2026 Je propose dans les diff\u00e9rents lieux de la petite enfance, les m\u00e9diath\u00e8ques, les lieux de formation, cours d\u2019alphab\u00e9tisation\u2026 des journ\u00e9es d\u2019\u00e9changes, de r\u00e9flexions et de formations aupr\u00e8s des adultes sur ce th\u00e8me : d\u00e9couvrir, red\u00e9couvrir la richesse des berceuses, des comptines et des formulettes, patrimoine ancien sans cesse renouvel\u00e9 et le faire chanter \u00e0 nos oreilles en jouant avec la po\u00e9sie des sons, des mots et des images, oser le partager.","breadcrumb":{"@id":"https:\/\/mariefrancepainset.net\/web\/entre-corps-et-paroles-conference-marie-france-painset\/#breadcrumb"},"inLanguage":"fr-FR","potentialAction":[{"@type":"ReadAction","target":["https:\/\/mariefrancepainset.net\/web\/entre-corps-et-paroles-conference-marie-france-painset\/"]}]},{"@type":"BreadcrumbList","@id":"https:\/\/mariefrancepainset.net\/web\/entre-corps-et-paroles-conference-marie-france-painset\/#breadcrumb","itemListElement":[{"@type":"ListItem","position":1,"name":"Accueil","item":"https:\/\/mariefrancepainset.net\/web\/"},{"@type":"ListItem","position":2,"name":"Entre corps et paroles"}]},{"@type":"WebSite","@id":"https:\/\/mariefrancepainset.net\/web\/#website","url":"https:\/\/mariefrancepainset.net\/web\/","name":"","description":"Jouer, chanter, dire\u2026 lire, transmettre","potentialAction":[{"@type":"SearchAction","target":{"@type":"EntryPoint","urlTemplate":"https:\/\/mariefrancepainset.net\/web\/?s={search_term_string}"},"query-input":{"@type":"PropertyValueSpecification","valueRequired":true,"valueName":"search_term_string"}}],"inLanguage":"fr-FR"}]}},"_links":{"self":[{"href":"https:\/\/mariefrancepainset.net\/web\/wp-json\/wp\/v2\/pages\/556","targetHints":{"allow":["GET"]}}],"collection":[{"href":"https:\/\/mariefrancepainset.net\/web\/wp-json\/wp\/v2\/pages"}],"about":[{"href":"https:\/\/mariefrancepainset.net\/web\/wp-json\/wp\/v2\/types\/page"}],"author":[{"embeddable":true,"href":"https:\/\/mariefrancepainset.net\/web\/wp-json\/wp\/v2\/users\/1"}],"replies":[{"embeddable":true,"href":"https:\/\/mariefrancepainset.net\/web\/wp-json\/wp\/v2\/comments?post=556"}],"version-history":[{"count":8,"href":"https:\/\/mariefrancepainset.net\/web\/wp-json\/wp\/v2\/pages\/556\/revisions"}],"predecessor-version":[{"id":925,"href":"https:\/\/mariefrancepainset.net\/web\/wp-json\/wp\/v2\/pages\/556\/revisions\/925"}],"wp:attachment":[{"href":"https:\/\/mariefrancepainset.net\/web\/wp-json\/wp\/v2\/media?parent=556"}],"curies":[{"name":"wp","href":"https:\/\/api.w.org\/{rel}","templated":true}]}}