{"id":575,"date":"2020-01-27T13:25:56","date_gmt":"2020-01-27T12:25:56","guid":{"rendered":"https:\/\/mariefrancepainset.net\/web\/?page_id=575"},"modified":"2023-02-02T17:34:09","modified_gmt":"2023-02-02T16:34:09","slug":"au-bonheur-des-comptines-publication-marie-france-painset","status":"publish","type":"page","link":"https:\/\/mariefrancepainset.net\/web\/au-bonheur-des-comptines-publication-marie-france-painset\/","title":{"rendered":"Au bonheur des comptines"},"content":{"rendered":"\n[et_pb_section fb_built=\u00a0\u00bb1&Prime; fullwidth=\u00a0\u00bbon\u00a0\u00bb _builder_version=\u00a0\u00bb4.0.6&Prime;][et_pb_fullwidth_image src=\u00a0\u00bbhttps:\/\/mariefrancepainset.net\/web\/wp-content\/uploads\/2020\/03\/AuBoheurDesComptines-Bnadeau.jpg\u00a0\u00bb _builder_version=\u00a0\u00bb4.3.4&Prime; animation_style=\u00a0\u00bbfade\u00a0\u00bb][\/et_pb_fullwidth_image][\/et_pb_section][et_pb_section fb_built=\u00a0\u00bb1&Prime; _builder_version=\u00a0\u00bb4.0.6&Prime; custom_padding=\u00a0\u00bb7px||3px|||\u00a0\u00bb collapsed=\u00a0\u00bboff\u00a0\u00bb min_height=\u00a0\u00bb254px\u00a0\u00bb][et_pb_row _builder_version=\u00a0\u00bb4.2.2&Prime; custom_margin=\u00a0\u00bb-8px|auto|14px|auto||\u00a0\u00bb custom_padding=\u00a0\u00bb17px||0px|||\u00a0\u00bb min_height=\u00a0\u00bb224px\u00a0\u00bb][et_pb_column type=\u00a0\u00bb4_4&Prime; _builder_version=\u00a0\u00bb4.0.6&Prime;][et_pb_text _builder_version=\u00a0\u00bb4.2.2&Prime; custom_margin=\u00a0\u00bb2px|||||\u00a0\u00bb custom_padding=\u00a0\u00bb8px|||||\u00a0\u00bb min_height=\u00a0\u00bb191px\u00a0\u00bb]<p class=\"p1\"><strong>Au bonheur des comptines<\/strong><\/p>\n<p class=\"p1\">Les enfants raffolent des comptines. Ils les aiment pour le plaisir du jeu et pour leur po\u00e9sie. Loin du monde adulte, au coeur de l&rsquo;imaginaire, ils les font vivre, les animent, les transforment librement.<\/p>\n<p class=\"p1\">Dans ce livre \u00e9crit \u00e0 quatre mains, Marie-Claire Bruley et Marie-France Painset interrogent cette rencontre myst\u00e9rieuse. Qu&rsquo;est-ce que les comptines touchent chez l&rsquo;enfant ? A quelle exploration amus\u00e9e du monde et de lui-m\u00eame les invitent-elles ?<br \/>Emaill\u00e9 d&rsquo;observations saisies sur le vif et nourri d&rsquo;un collectage in\u00e9dit, l&rsquo;ouvrage r\u00e9v\u00e8le le bonheur partag\u00e9 autour des comptines et \u00e9claire la juste place que les adultes peuvent avoir dans la transmission d&rsquo;un patrimoine irrempla\u00e7able.<\/p>[\/et_pb_text][\/et_pb_column][\/et_pb_row][\/et_pb_section][et_pb_section fb_built=\u00a0\u00bb1&Prime; _builder_version=\u00a0\u00bb4.0.9&Prime; background_color=\u00a0\u00bb#d7d5c5&Prime; min_height=\u00a0\u00bb348px\u00a0\u00bb custom_margin=\u00a0\u00bb-3px|||||\u00a0\u00bb custom_padding=\u00a0\u00bb15px||23px|||\u00a0\u00bb][et_pb_row column_structure=\u00a0\u00bb1_4,3_4&Prime; _builder_version=\u00a0\u00bb4.0.6&Prime; min_height=\u00a0\u00bb267px\u00a0\u00bb custom_padding=\u00a0\u00bb||0px|||\u00a0\u00bb locked=\u00a0\u00bboff\u00a0\u00bb][et_pb_column type=\u00a0\u00bb1_4&Prime; _builder_version=\u00a0\u00bb4.0.6&Prime;][et_pb_image src=\u00a0\u00bbhttps:\/\/mariefrancepainset.net\/web\/wp-content\/uploads\/2020\/01\/Au-bonheur-des-comptines.jpg\u00a0\u00bb _builder_version=\u00a0\u00bb4.2.2&Prime; custom_margin=\u00a0\u00bb||1px|||\u00a0\u00bb custom_padding=\u00a0\u00bb||0px|||\u00a0\u00bb][\/et_pb_image][\/et_pb_column][et_pb_column type=\u00a0\u00bb3_4&Prime; _builder_version=\u00a0\u00bb4.0.6&Prime;][et_pb_text _builder_version=\u00a0\u00bb4.0.6&Prime; min_height=\u00a0\u00bb194px\u00a0\u00bb custom_margin=\u00a0\u00bb1px||-2px|-2px||\u00a0\u00bb custom_padding=\u00a0\u00bb0px||4px|||\u00a0\u00bb]<p><strong>\u00c9diteur : <\/strong>Didier Jeunesse<strong><br \/> <\/strong><strong>Auteurs :\u00a0<\/strong><span class=\"author notFaded\" data-width=\"\"><span class=\"a-declarative\" data-action=\"a-popover\" data-a-popover=\"{&quot;closeButtonLabel&quot;:&quot;Fermer la bo\u00eete de dialogue contextuelle des auteurs&quot;,&quot;name&quot;:&quot;contributor-info-B004N6FQ7Y&quot;,&quot;position&quot;:&quot;triggerBottom&quot;,&quot;popoverLabel&quot;:&quot;Bo\u00eete de dialogue contextuelle des auteurs&quot;,&quot;allowLinkDefault&quot;:&quot;true&quot;}\"><a data-asin=\"B004N6FQ7Y\" class=\"a-link-normal contributorNameID\" href=\"https:\/\/www.amazon.fr\/Marie-Claire-Bruley\/e\/B004N6FQ7Y\/ref=dp_byline_cont_book_1\">Marie-Claire BRULEY<\/a>\u00a0et\u00a0<\/span><\/span>Marie-France PAINSET<br \/><strong>Collection :<\/strong> Passeurs d&rsquo;histoire<br \/><strong>Parution :<\/strong> ao\u00fbt 2007<br \/> <strong>Format :<\/strong> 155 x 236 mm<br \/> <strong>Pages :<\/strong> 192<br \/> <strong>EAN :<\/strong> 9782278057238<br \/> <strong>NUART :<\/strong> 4747382<br \/> <strong>Prix en euros TTC :<\/strong> 22.80 \u20ac<\/p>[\/et_pb_text][\/et_pb_column][\/et_pb_row][\/et_pb_section][et_pb_section fb_built=\u00a0\u00bb1&Prime; _builder_version=\u00a0\u00bb4.0.9&Prime; custom_margin=\u00a0\u00bb-13px|||||\u00a0\u00bb custom_padding=\u00a0\u00bb44px||0px|||\u00a0\u00bb][et_pb_row _builder_version=\u00a0\u00bb4.0.9&Prime; min_height=\u00a0\u00bb55px\u00a0\u00bb custom_margin=\u00a0\u00bb15px|auto|0px|auto||\u00a0\u00bb custom_padding=\u00a0\u00bb0px||1px|||\u00a0\u00bb][et_pb_column type=\u00a0\u00bb4_4&Prime; _builder_version=\u00a0\u00bb4.0.9&Prime;][et_pb_social_media_follow follow_button=\u00a0\u00bbon\u00a0\u00bb _builder_version=\u00a0\u00bb4.0.6&Prime; custom_margin=\u00a0\u00bb-23px|||||\u00a0\u00bb locked=\u00a0\u00bboff\u00a0\u00bb custom_padding=\u00a0\u00bb10px|||||\u00a0\u00bb min_height=\u00a0\u00bb47px\u00a0\u00bb][et_pb_social_media_follow_network social_network=\u00a0\u00bbfacebook\u00a0\u00bb url=\u00a0\u00bbhttps:\/\/www.facebook.com\/Livres.et.albums.jeunesse\u00a0\u00bb _builder_version=\u00a0\u00bb4.0.6&Prime; background_color=\u00a0\u00bb#3b5998&Prime; follow_button=\u00a0\u00bbon\u00a0\u00bb url_new_window=\u00a0\u00bbon\u00a0\u00bb]facebook[\/et_pb_social_media_follow_network][\/et_pb_social_media_follow][\/et_pb_column][\/et_pb_row][\/et_pb_section]\n","protected":false},"excerpt":{"rendered":"<p>Au bonheur des comptines Les enfants raffolent des comptines. Ils les aiment pour le plaisir du jeu et pour leur po\u00e9sie. Loin du monde adulte, au coeur de l&rsquo;imaginaire, ils les font vivre, les animent, les transforment librement. Dans ce livre \u00e9crit \u00e0 quatre mains, Marie-Claire Bruley et Marie-France Painset interrogent cette rencontre myst\u00e9rieuse. Qu&rsquo;est-ce [&hellip;]<\/p>\n","protected":false},"author":1,"featured_media":0,"parent":0,"menu_order":0,"comment_status":"closed","ping_status":"closed","template":"","meta":{"_et_pb_use_builder":"on","_et_pb_old_content":"","_et_gb_content_width":"","footnotes":""},"class_list":["post-575","page","type-page","status-publish","hentry"],"yoast_head":"<!-- This site is optimized with the Yoast SEO plugin v27.5 - https:\/\/yoast.com\/product\/yoast-seo-wordpress\/ -->\n<title>Au bonheur des comptines -<\/title>\n<meta name=\"description\" content=\"Les enfants raffolent des comptines. Ils les aiment pour le plaisir du jeu et pour leur po\u00e9sie. Loin du monde adulte, au coeur de l&#039;imaginaire, ils les font vivre, les animent, les transforment librement.Dans ce livre \u00e9crit \u00e0 quatre mains, Marie-Claire Bruley et Marie-France Painset interrogent cette rencontre myst\u00e9rieuse. Qu&#039;est-ce que les comptines touchent chez l&#039;enfant ? A quelle exploration amus\u00e9e du monde et de lui-m\u00eame les invitent-elles ?Emaill\u00e9 d&#039;observations saisies sur le vif et nourri d&#039;un collectage in\u00e9dit, l&#039;ouvrage r\u00e9v\u00e8le le bonheur partag\u00e9 autour des comptines et \u00e9claire la juste place que les adultes peuvent avoir dans la transmission d&#039;un patrimoine irrempla\u00e7able.\" \/>\n<meta name=\"robots\" content=\"index, follow, max-snippet:-1, max-image-preview:large, max-video-preview:-1\" \/>\n<link rel=\"canonical\" href=\"https:\/\/mariefrancepainset.net\/web\/au-bonheur-des-comptines-publication-marie-france-painset\/\" \/>\n<meta property=\"og:locale\" content=\"fr_FR\" \/>\n<meta property=\"og:type\" content=\"article\" \/>\n<meta property=\"og:title\" content=\"Au bonheur des comptines -\" \/>\n<meta property=\"og:description\" content=\"Les enfants raffolent des comptines. Ils les aiment pour le plaisir du jeu et pour leur po\u00e9sie. Loin du monde adulte, au coeur de l&#039;imaginaire, ils les font vivre, les animent, les transforment librement.Dans ce livre \u00e9crit \u00e0 quatre mains, Marie-Claire Bruley et Marie-France Painset interrogent cette rencontre myst\u00e9rieuse. Qu&#039;est-ce que les comptines touchent chez l&#039;enfant ? A quelle exploration amus\u00e9e du monde et de lui-m\u00eame les invitent-elles ?Emaill\u00e9 d&#039;observations saisies sur le vif et nourri d&#039;un collectage in\u00e9dit, l&#039;ouvrage r\u00e9v\u00e8le le bonheur partag\u00e9 autour des comptines et \u00e9claire la juste place que les adultes peuvent avoir dans la transmission d&#039;un patrimoine irrempla\u00e7able.\" \/>\n<meta property=\"og:url\" content=\"https:\/\/mariefrancepainset.net\/web\/au-bonheur-des-comptines-publication-marie-france-painset\/\" \/>\n<meta property=\"article:modified_time\" content=\"2023-02-02T16:34:09+00:00\" \/>\n<meta name=\"twitter:card\" content=\"summary_large_image\" \/>\n<meta name=\"twitter:label1\" content=\"Dur\u00e9e de lecture estim\u00e9e\" \/>\n\t<meta name=\"twitter:data1\" content=\"2 minutes\" \/>\n<script type=\"application\/ld+json\" class=\"yoast-schema-graph\">{\"@context\":\"https:\\\/\\\/schema.org\",\"@graph\":[{\"@type\":\"WebPage\",\"@id\":\"https:\\\/\\\/mariefrancepainset.net\\\/web\\\/au-bonheur-des-comptines-publication-marie-france-painset\\\/\",\"url\":\"https:\\\/\\\/mariefrancepainset.net\\\/web\\\/au-bonheur-des-comptines-publication-marie-france-painset\\\/\",\"name\":\"Au bonheur des comptines -\",\"isPartOf\":{\"@id\":\"https:\\\/\\\/mariefrancepainset.net\\\/web\\\/#website\"},\"datePublished\":\"2020-01-27T12:25:56+00:00\",\"dateModified\":\"2023-02-02T16:34:09+00:00\",\"description\":\"Les enfants raffolent des comptines. Ils les aiment pour le plaisir du jeu et pour leur po\u00e9sie. Loin du monde adulte, au coeur de l'imaginaire, ils les font vivre, les animent, les transforment librement.Dans ce livre \u00e9crit \u00e0 quatre mains, Marie-Claire Bruley et Marie-France Painset interrogent cette rencontre myst\u00e9rieuse. Qu'est-ce que les comptines touchent chez l'enfant ? A quelle exploration amus\u00e9e du monde et de lui-m\u00eame les invitent-elles ?Emaill\u00e9 d'observations saisies sur le vif et nourri d'un collectage in\u00e9dit, l'ouvrage r\u00e9v\u00e8le le bonheur partag\u00e9 autour des comptines et \u00e9claire la juste place que les adultes peuvent avoir dans la transmission d'un patrimoine irrempla\u00e7able.\",\"breadcrumb\":{\"@id\":\"https:\\\/\\\/mariefrancepainset.net\\\/web\\\/au-bonheur-des-comptines-publication-marie-france-painset\\\/#breadcrumb\"},\"inLanguage\":\"fr-FR\",\"potentialAction\":[{\"@type\":\"ReadAction\",\"target\":[\"https:\\\/\\\/mariefrancepainset.net\\\/web\\\/au-bonheur-des-comptines-publication-marie-france-painset\\\/\"]}]},{\"@type\":\"BreadcrumbList\",\"@id\":\"https:\\\/\\\/mariefrancepainset.net\\\/web\\\/au-bonheur-des-comptines-publication-marie-france-painset\\\/#breadcrumb\",\"itemListElement\":[{\"@type\":\"ListItem\",\"position\":1,\"name\":\"Accueil\",\"item\":\"https:\\\/\\\/mariefrancepainset.net\\\/web\\\/\"},{\"@type\":\"ListItem\",\"position\":2,\"name\":\"Au bonheur des comptines\"}]},{\"@type\":\"WebSite\",\"@id\":\"https:\\\/\\\/mariefrancepainset.net\\\/web\\\/#website\",\"url\":\"https:\\\/\\\/mariefrancepainset.net\\\/web\\\/\",\"name\":\"\",\"description\":\"Jouer, chanter, dire\u2026 lire, transmettre\",\"potentialAction\":[{\"@type\":\"SearchAction\",\"target\":{\"@type\":\"EntryPoint\",\"urlTemplate\":\"https:\\\/\\\/mariefrancepainset.net\\\/web\\\/?s={search_term_string}\"},\"query-input\":{\"@type\":\"PropertyValueSpecification\",\"valueRequired\":true,\"valueName\":\"search_term_string\"}}],\"inLanguage\":\"fr-FR\"}]}<\/script>\n<!-- \/ Yoast SEO plugin. -->","yoast_head_json":{"title":"Au bonheur des comptines -","description":"Les enfants raffolent des comptines. Ils les aiment pour le plaisir du jeu et pour leur po\u00e9sie. Loin du monde adulte, au coeur de l'imaginaire, ils les font vivre, les animent, les transforment librement.Dans ce livre \u00e9crit \u00e0 quatre mains, Marie-Claire Bruley et Marie-France Painset interrogent cette rencontre myst\u00e9rieuse. Qu'est-ce que les comptines touchent chez l'enfant ? A quelle exploration amus\u00e9e du monde et de lui-m\u00eame les invitent-elles ?Emaill\u00e9 d'observations saisies sur le vif et nourri d'un collectage in\u00e9dit, l'ouvrage r\u00e9v\u00e8le le bonheur partag\u00e9 autour des comptines et \u00e9claire la juste place que les adultes peuvent avoir dans la transmission d'un patrimoine irrempla\u00e7able.","robots":{"index":"index","follow":"follow","max-snippet":"max-snippet:-1","max-image-preview":"max-image-preview:large","max-video-preview":"max-video-preview:-1"},"canonical":"https:\/\/mariefrancepainset.net\/web\/au-bonheur-des-comptines-publication-marie-france-painset\/","og_locale":"fr_FR","og_type":"article","og_title":"Au bonheur des comptines -","og_description":"Les enfants raffolent des comptines. Ils les aiment pour le plaisir du jeu et pour leur po\u00e9sie. Loin du monde adulte, au coeur de l'imaginaire, ils les font vivre, les animent, les transforment librement.Dans ce livre \u00e9crit \u00e0 quatre mains, Marie-Claire Bruley et Marie-France Painset interrogent cette rencontre myst\u00e9rieuse. Qu'est-ce que les comptines touchent chez l'enfant ? A quelle exploration amus\u00e9e du monde et de lui-m\u00eame les invitent-elles ?Emaill\u00e9 d'observations saisies sur le vif et nourri d'un collectage in\u00e9dit, l'ouvrage r\u00e9v\u00e8le le bonheur partag\u00e9 autour des comptines et \u00e9claire la juste place que les adultes peuvent avoir dans la transmission d'un patrimoine irrempla\u00e7able.","og_url":"https:\/\/mariefrancepainset.net\/web\/au-bonheur-des-comptines-publication-marie-france-painset\/","article_modified_time":"2023-02-02T16:34:09+00:00","twitter_card":"summary_large_image","twitter_misc":{"Dur\u00e9e de lecture estim\u00e9e":"2 minutes"},"schema":{"@context":"https:\/\/schema.org","@graph":[{"@type":"WebPage","@id":"https:\/\/mariefrancepainset.net\/web\/au-bonheur-des-comptines-publication-marie-france-painset\/","url":"https:\/\/mariefrancepainset.net\/web\/au-bonheur-des-comptines-publication-marie-france-painset\/","name":"Au bonheur des comptines -","isPartOf":{"@id":"https:\/\/mariefrancepainset.net\/web\/#website"},"datePublished":"2020-01-27T12:25:56+00:00","dateModified":"2023-02-02T16:34:09+00:00","description":"Les enfants raffolent des comptines. Ils les aiment pour le plaisir du jeu et pour leur po\u00e9sie. Loin du monde adulte, au coeur de l'imaginaire, ils les font vivre, les animent, les transforment librement.Dans ce livre \u00e9crit \u00e0 quatre mains, Marie-Claire Bruley et Marie-France Painset interrogent cette rencontre myst\u00e9rieuse. Qu'est-ce que les comptines touchent chez l'enfant ? A quelle exploration amus\u00e9e du monde et de lui-m\u00eame les invitent-elles ?Emaill\u00e9 d'observations saisies sur le vif et nourri d'un collectage in\u00e9dit, l'ouvrage r\u00e9v\u00e8le le bonheur partag\u00e9 autour des comptines et \u00e9claire la juste place que les adultes peuvent avoir dans la transmission d'un patrimoine irrempla\u00e7able.","breadcrumb":{"@id":"https:\/\/mariefrancepainset.net\/web\/au-bonheur-des-comptines-publication-marie-france-painset\/#breadcrumb"},"inLanguage":"fr-FR","potentialAction":[{"@type":"ReadAction","target":["https:\/\/mariefrancepainset.net\/web\/au-bonheur-des-comptines-publication-marie-france-painset\/"]}]},{"@type":"BreadcrumbList","@id":"https:\/\/mariefrancepainset.net\/web\/au-bonheur-des-comptines-publication-marie-france-painset\/#breadcrumb","itemListElement":[{"@type":"ListItem","position":1,"name":"Accueil","item":"https:\/\/mariefrancepainset.net\/web\/"},{"@type":"ListItem","position":2,"name":"Au bonheur des comptines"}]},{"@type":"WebSite","@id":"https:\/\/mariefrancepainset.net\/web\/#website","url":"https:\/\/mariefrancepainset.net\/web\/","name":"","description":"Jouer, chanter, dire\u2026 lire, transmettre","potentialAction":[{"@type":"SearchAction","target":{"@type":"EntryPoint","urlTemplate":"https:\/\/mariefrancepainset.net\/web\/?s={search_term_string}"},"query-input":{"@type":"PropertyValueSpecification","valueRequired":true,"valueName":"search_term_string"}}],"inLanguage":"fr-FR"}]}},"_links":{"self":[{"href":"https:\/\/mariefrancepainset.net\/web\/wp-json\/wp\/v2\/pages\/575","targetHints":{"allow":["GET"]}}],"collection":[{"href":"https:\/\/mariefrancepainset.net\/web\/wp-json\/wp\/v2\/pages"}],"about":[{"href":"https:\/\/mariefrancepainset.net\/web\/wp-json\/wp\/v2\/types\/page"}],"author":[{"embeddable":true,"href":"https:\/\/mariefrancepainset.net\/web\/wp-json\/wp\/v2\/users\/1"}],"replies":[{"embeddable":true,"href":"https:\/\/mariefrancepainset.net\/web\/wp-json\/wp\/v2\/comments?post=575"}],"version-history":[{"count":8,"href":"https:\/\/mariefrancepainset.net\/web\/wp-json\/wp\/v2\/pages\/575\/revisions"}],"predecessor-version":[{"id":886,"href":"https:\/\/mariefrancepainset.net\/web\/wp-json\/wp\/v2\/pages\/575\/revisions\/886"}],"wp:attachment":[{"href":"https:\/\/mariefrancepainset.net\/web\/wp-json\/wp\/v2\/media?parent=575"}],"curies":[{"name":"wp","href":"https:\/\/api.w.org\/{rel}","templated":true}]}}