{"id":614,"date":"2020-01-27T15:22:00","date_gmt":"2020-01-27T14:22:00","guid":{"rendered":"https:\/\/mariefrancepainset.net\/web\/?page_id=614"},"modified":"2023-02-02T17:35:18","modified_gmt":"2023-02-02T16:35:18","slug":"allume-la-lune-publication-marie-france-painset","status":"publish","type":"page","link":"https:\/\/mariefrancepainset.net\/web\/allume-la-lune-publication-marie-france-painset\/","title":{"rendered":"Allume la lune"},"content":{"rendered":"\n\n\n[et_pb_section fb_built=\u00a0\u00bb1&Prime; fullwidth=\u00a0\u00bbon\u00a0\u00bb _builder_version=\u00a0\u00bb4.0.6&Prime; custom_margin=\u00a0\u00bb||-25px|||\u00a0\u00bb custom_padding=\u00a0\u00bb||0px|||\u00a0\u00bb][et_pb_fullwidth_image src=\u00a0\u00bbhttps:\/\/mariefrancepainset.net\/web\/wp-content\/uploads\/2020\/03\/AlumeLaLuneBandeau.jpg\u00a0\u00bb _builder_version=\u00a0\u00bb4.3.4&Prime; min_height=\u00a0\u00bb146px\u00a0\u00bb custom_margin=\u00a0\u00bb||32px|||\u00a0\u00bb custom_padding=\u00a0\u00bb||0px|||\u00a0\u00bb animation_style=\u00a0\u00bbfade\u00a0\u00bb][\/et_pb_fullwidth_image][\/et_pb_section][et_pb_section fb_built=\u00a0\u00bb1&Prime; _builder_version=\u00a0\u00bb4.0.6&Prime; custom_padding=\u00a0\u00bb18px||12px|||\u00a0\u00bb collapsed=\u00a0\u00bboff\u00a0\u00bb][et_pb_row _builder_version=\u00a0\u00bb4.0.6&Prime; min_height=\u00a0\u00bb186px\u00a0\u00bb custom_margin=\u00a0\u00bb|auto|14px|auto||\u00a0\u00bb custom_padding=\u00a0\u00bb11px||0px|||\u00a0\u00bb][et_pb_column type=\u00a0\u00bb4_4&Prime; _builder_version=\u00a0\u00bb4.0.6&Prime;][et_pb_text _builder_version=\u00a0\u00bb4.2.2&Prime; min_height=\u00a0\u00bb174px\u00a0\u00bb custom_margin=\u00a0\u00bb7px|||||\u00a0\u00bb custom_padding=\u00a0\u00bb||0px|||\u00a0\u00bb]<p class=\"p1\"><strong>Allume la lune,\u00a0<\/strong>berceuses en une vingtaine de langues et images r\u00e9colt\u00e9es \u00e0 Roubaix.<br \/>\u00c0 Roubaix, il y a un petit grain d&rsquo;or un petit grain d&rsquo;or et l&rsquo;enfant s&rsquo;endort grains de m\u00e9moire, grains de voyage, grains de passage, toutes les langues du monde se font douceur, chant\u00e9es tendrement pour apaiser l&rsquo;enfant\u2026<\/p>\n<p class=\"p1\"><strong>Depuis des ann\u00e9es, je m\u00e8ne ou accompagne des actions avec des formations, des \u00e9changes, des ateliers chant\u00e9s.<br \/> <\/strong>\u00c0 la demande de la m\u00e9diath\u00e8que de Roubaix, j\u2019ai accompagn\u00e9 \u00abAllume la lune\u00bb une action autour des pratiques de bercement, de la berceuse.<br \/> \u00abAllume la lune\u00bb livre accompagn\u00e9 d\u2019un CD paru aux \u00c9ditions Passage pi\u00e9tons prolonge cette action<\/p>[\/et_pb_text][\/et_pb_column][\/et_pb_row][\/et_pb_section][et_pb_section fb_built=\u00a0\u00bb1&Prime; _builder_version=\u00a0\u00bb4.0.9&Prime; background_color=\u00a0\u00bb#d7d5c5&Prime; min_height=\u00a0\u00bb301px\u00a0\u00bb custom_margin=\u00a0\u00bb-15px||11px|||\u00a0\u00bb custom_padding=\u00a0\u00bb52px||32px|||\u00a0\u00bb][et_pb_row column_structure=\u00a0\u00bb1_4,3_4&Prime; _builder_version=\u00a0\u00bb4.2.2&Prime; min_height=\u00a0\u00bb223px\u00a0\u00bb custom_margin=\u00a0\u00bb|auto|-4px|auto||\u00a0\u00bb custom_padding=\u00a0\u00bb0px||0px|||\u00a0\u00bb locked=\u00a0\u00bboff\u00a0\u00bb][et_pb_column type=\u00a0\u00bb1_4&Prime; _builder_version=\u00a0\u00bb4.0.6&Prime;][et_pb_image src=\u00a0\u00bbhttps:\/\/mariefrancepainset.net\/web\/wp-content\/uploads\/2020\/01\/AllumeLaLune.jpg\u00a0\u00bb _builder_version=\u00a0\u00bb4.2.2&Prime; custom_margin=\u00a0\u00bb||1px|||\u00a0\u00bb][\/et_pb_image][\/et_pb_column][et_pb_column type=\u00a0\u00bb3_4&Prime; _builder_version=\u00a0\u00bb4.0.6&Prime;][et_pb_text _builder_version=\u00a0\u00bb4.2.2&Prime; min_height=\u00a0\u00bb123px\u00a0\u00bb custom_margin=\u00a0\u00bb1px||-2px|-2px||\u00a0\u00bb custom_padding=\u00a0\u00bb0px||6px|||\u00a0\u00bb]<p><strong>\u00c9diteur :\u00a0<\/strong><span>Passage Pi\u00e9tons <\/span><strong><br \/><\/strong><strong>Parution :<\/strong>\u00a0f\u00e9vrier 2008<br \/><strong>Format :<\/strong> 234 x 250 mm<br \/><strong><\/strong><b>ISBN-10\u00a0<\/b><strong style=\"line-height: 1.5;\">:\u00a0<\/strong><span style=\"line-height: 1.5;\"><\/span>2913413552<br \/><b>ISBN-13\u00a0<\/b><strong style=\"line-height: 1.5;\">:\u00a0<\/strong><span style=\"line-height: 1.5;\"><\/span>978-2913413559<\/p>[\/et_pb_text][\/et_pb_column][\/et_pb_row][\/et_pb_section][et_pb_section fb_built=\u00a0\u00bb1&Prime; _builder_version=\u00a0\u00bb4.7.6&Prime; _module_preset=\u00a0\u00bbdefault\u00a0\u00bb][et_pb_row _builder_version=\u00a0\u00bb4.7.6&Prime; _module_preset=\u00a0\u00bbdefault\u00a0\u00bb][et_pb_column type=\u00a0\u00bb4_4&Prime; _builder_version=\u00a0\u00bb4.7.6&Prime; _module_preset=\u00a0\u00bbdefault\u00a0\u00bb][et_pb_text _builder_version=\u00a0\u00bb4.7.6&Prime; _module_preset=\u00a0\u00bbdefault\u00a0\u00bb]<p><strong>Les berceuses sont de petits abris o\u00f9 les enfants viennent se nicher, se blottir et apprendre \u00e0 grandir.<\/strong><br \/> Ce sont des abris o\u00f9 voix, regards, corps qui se balancent, se rejoignent dans un m\u00eame souffle, une communion intense.<br \/> Ces abris sont de v\u00e9ritables berceaux de paroles\u00a0o\u00f9 le tout petit prend sa dimension de petit d\u2019homme, d\u2019\u00eatre humain.<br \/> C\u2019est le plus souvent par la voix, son chant, fondement de notre \u00eatre que les b\u00e9b\u00e9s sont accompagn\u00e9s, charm\u00e9s, consol\u00e9s, apais\u00e9s.<br \/> C\u2019est l\u00e0 que le petit d\u2019homme rencontre son histoire, sa lign\u00e9e, sa culture et bien souvent la po\u00e9sie du monde. A travers la berceuse, ces premi\u00e8res paroles adress\u00e9es \u00e0 l\u2019enfant, c\u2019est bien de sa place dont il s\u2019agit, de la place des b\u00e9b\u00e9s, des touts petits dans la pens\u00e9e du monde. Quels abris leur construisons nous aujourd\u2019hui?\u00a0<br \/>La berceuse est une porte d\u2019entr\u00e9e dans la communaut\u00e9 Humaine, se pencher, sur ce qu\u2019elle est, ce qu\u2019elle apporte, ce quelle raconte, la faire reconna\u00eetre comme quelque chose de pr\u00e9cieux contribue \u00e0 une r\u00e9elle r\u00e9flexion sur l\u2019accueil de l\u2019enfant\u2026<\/p>[\/et_pb_text][\/et_pb_column][\/et_pb_row][\/et_pb_section]\n\n\n","protected":false},"excerpt":{"rendered":"<p>Allume la lune,\u00a0berceuses en une vingtaine de langues et images r\u00e9colt\u00e9es \u00e0 Roubaix.\u00c0 Roubaix, il y a un petit grain d&rsquo;or un petit grain d&rsquo;or et l&rsquo;enfant s&rsquo;endort grains de m\u00e9moire, grains de voyage, grains de passage, toutes les langues du monde se font douceur, chant\u00e9es tendrement pour apaiser l&rsquo;enfant\u2026 Depuis des ann\u00e9es, je m\u00e8ne [&hellip;]<\/p>\n","protected":false},"author":1,"featured_media":0,"parent":0,"menu_order":0,"comment_status":"closed","ping_status":"closed","template":"","meta":{"_et_pb_use_builder":"on","_et_pb_old_content":"","_et_gb_content_width":"","footnotes":""},"class_list":["post-614","page","type-page","status-publish","hentry"],"yoast_head":"<!-- This site is optimized with the Yoast SEO plugin v27.4 - https:\/\/yoast.com\/product\/yoast-seo-wordpress\/ -->\n<title>Allume la lune - mariefrancepainset.net<\/title>\n<meta name=\"description\" content=\"Allume la lune, berceuses en une vingtaine de langues et images r\u00e9colt\u00e9es \u00e0 Roubaix. \u00c0 Roubaix, il y a un petit grain d&#039;or un petit grain d&#039;or et l&#039;enfant s&#039;endort grains de m\u00e9moire, grains de voyage, grains de passage, toutes les langues du monde se font douceur, chant\u00e9es tendrement pour apaiser l&#039;enfant...\" \/>\n<meta name=\"robots\" content=\"index, follow, max-snippet:-1, max-image-preview:large, max-video-preview:-1\" \/>\n<link rel=\"canonical\" href=\"https:\/\/mariefrancepainset.net\/web\/allume-la-lune-publication-marie-france-painset\/\" \/>\n<meta property=\"og:locale\" content=\"fr_FR\" \/>\n<meta property=\"og:type\" content=\"article\" \/>\n<meta property=\"og:title\" content=\"Allume la lune - mariefrancepainset.net\" \/>\n<meta property=\"og:description\" content=\"Allume la lune, berceuses en une vingtaine de langues et images r\u00e9colt\u00e9es \u00e0 Roubaix. \u00c0 Roubaix, il y a un petit grain d&#039;or un petit grain d&#039;or et l&#039;enfant s&#039;endort grains de m\u00e9moire, grains de voyage, grains de passage, toutes les langues du monde se font douceur, chant\u00e9es tendrement pour apaiser l&#039;enfant...\" \/>\n<meta property=\"og:url\" content=\"https:\/\/mariefrancepainset.net\/web\/allume-la-lune-publication-marie-france-painset\/\" \/>\n<meta property=\"article:modified_time\" content=\"2023-02-02T16:35:18+00:00\" \/>\n<meta name=\"twitter:card\" content=\"summary_large_image\" \/>\n<meta name=\"twitter:label1\" content=\"Dur\u00e9e de lecture estim\u00e9e\" \/>\n\t<meta name=\"twitter:data1\" content=\"2 minutes\" \/>\n<script type=\"application\/ld+json\" class=\"yoast-schema-graph\">{\"@context\":\"https:\\\/\\\/schema.org\",\"@graph\":[{\"@type\":\"WebPage\",\"@id\":\"https:\\\/\\\/mariefrancepainset.net\\\/web\\\/allume-la-lune-publication-marie-france-painset\\\/\",\"url\":\"https:\\\/\\\/mariefrancepainset.net\\\/web\\\/allume-la-lune-publication-marie-france-painset\\\/\",\"name\":\"Allume la lune - mariefrancepainset.net\",\"isPartOf\":{\"@id\":\"https:\\\/\\\/mariefrancepainset.net\\\/web\\\/#website\"},\"datePublished\":\"2020-01-27T14:22:00+00:00\",\"dateModified\":\"2023-02-02T16:35:18+00:00\",\"description\":\"Allume la lune, berceuses en une vingtaine de langues et images r\u00e9colt\u00e9es \u00e0 Roubaix. \u00c0 Roubaix, il y a un petit grain d'or un petit grain d'or et l'enfant s'endort grains de m\u00e9moire, grains de voyage, grains de passage, toutes les langues du monde se font douceur, chant\u00e9es tendrement pour apaiser l'enfant...\",\"breadcrumb\":{\"@id\":\"https:\\\/\\\/mariefrancepainset.net\\\/web\\\/allume-la-lune-publication-marie-france-painset\\\/#breadcrumb\"},\"inLanguage\":\"fr-FR\",\"potentialAction\":[{\"@type\":\"ReadAction\",\"target\":[\"https:\\\/\\\/mariefrancepainset.net\\\/web\\\/allume-la-lune-publication-marie-france-painset\\\/\"]}]},{\"@type\":\"BreadcrumbList\",\"@id\":\"https:\\\/\\\/mariefrancepainset.net\\\/web\\\/allume-la-lune-publication-marie-france-painset\\\/#breadcrumb\",\"itemListElement\":[{\"@type\":\"ListItem\",\"position\":1,\"name\":\"Accueil\",\"item\":\"https:\\\/\\\/mariefrancepainset.net\\\/web\\\/\"},{\"@type\":\"ListItem\",\"position\":2,\"name\":\"Allume la lune\"}]},{\"@type\":\"WebSite\",\"@id\":\"https:\\\/\\\/mariefrancepainset.net\\\/web\\\/#website\",\"url\":\"https:\\\/\\\/mariefrancepainset.net\\\/web\\\/\",\"name\":\"\",\"description\":\"Jouer, chanter, dire\u2026 lire, transmettre\",\"potentialAction\":[{\"@type\":\"SearchAction\",\"target\":{\"@type\":\"EntryPoint\",\"urlTemplate\":\"https:\\\/\\\/mariefrancepainset.net\\\/web\\\/?s={search_term_string}\"},\"query-input\":{\"@type\":\"PropertyValueSpecification\",\"valueRequired\":true,\"valueName\":\"search_term_string\"}}],\"inLanguage\":\"fr-FR\"}]}<\/script>\n<!-- \/ Yoast SEO plugin. -->","yoast_head_json":{"title":"Allume la lune - mariefrancepainset.net","description":"Allume la lune, berceuses en une vingtaine de langues et images r\u00e9colt\u00e9es \u00e0 Roubaix. \u00c0 Roubaix, il y a un petit grain d'or un petit grain d'or et l'enfant s'endort grains de m\u00e9moire, grains de voyage, grains de passage, toutes les langues du monde se font douceur, chant\u00e9es tendrement pour apaiser l'enfant...","robots":{"index":"index","follow":"follow","max-snippet":"max-snippet:-1","max-image-preview":"max-image-preview:large","max-video-preview":"max-video-preview:-1"},"canonical":"https:\/\/mariefrancepainset.net\/web\/allume-la-lune-publication-marie-france-painset\/","og_locale":"fr_FR","og_type":"article","og_title":"Allume la lune - mariefrancepainset.net","og_description":"Allume la lune, berceuses en une vingtaine de langues et images r\u00e9colt\u00e9es \u00e0 Roubaix. \u00c0 Roubaix, il y a un petit grain d'or un petit grain d'or et l'enfant s'endort grains de m\u00e9moire, grains de voyage, grains de passage, toutes les langues du monde se font douceur, chant\u00e9es tendrement pour apaiser l'enfant...","og_url":"https:\/\/mariefrancepainset.net\/web\/allume-la-lune-publication-marie-france-painset\/","article_modified_time":"2023-02-02T16:35:18+00:00","twitter_card":"summary_large_image","twitter_misc":{"Dur\u00e9e de lecture estim\u00e9e":"2 minutes"},"schema":{"@context":"https:\/\/schema.org","@graph":[{"@type":"WebPage","@id":"https:\/\/mariefrancepainset.net\/web\/allume-la-lune-publication-marie-france-painset\/","url":"https:\/\/mariefrancepainset.net\/web\/allume-la-lune-publication-marie-france-painset\/","name":"Allume la lune - mariefrancepainset.net","isPartOf":{"@id":"https:\/\/mariefrancepainset.net\/web\/#website"},"datePublished":"2020-01-27T14:22:00+00:00","dateModified":"2023-02-02T16:35:18+00:00","description":"Allume la lune, berceuses en une vingtaine de langues et images r\u00e9colt\u00e9es \u00e0 Roubaix. \u00c0 Roubaix, il y a un petit grain d'or un petit grain d'or et l'enfant s'endort grains de m\u00e9moire, grains de voyage, grains de passage, toutes les langues du monde se font douceur, chant\u00e9es tendrement pour apaiser l'enfant...","breadcrumb":{"@id":"https:\/\/mariefrancepainset.net\/web\/allume-la-lune-publication-marie-france-painset\/#breadcrumb"},"inLanguage":"fr-FR","potentialAction":[{"@type":"ReadAction","target":["https:\/\/mariefrancepainset.net\/web\/allume-la-lune-publication-marie-france-painset\/"]}]},{"@type":"BreadcrumbList","@id":"https:\/\/mariefrancepainset.net\/web\/allume-la-lune-publication-marie-france-painset\/#breadcrumb","itemListElement":[{"@type":"ListItem","position":1,"name":"Accueil","item":"https:\/\/mariefrancepainset.net\/web\/"},{"@type":"ListItem","position":2,"name":"Allume la lune"}]},{"@type":"WebSite","@id":"https:\/\/mariefrancepainset.net\/web\/#website","url":"https:\/\/mariefrancepainset.net\/web\/","name":"","description":"Jouer, chanter, dire\u2026 lire, transmettre","potentialAction":[{"@type":"SearchAction","target":{"@type":"EntryPoint","urlTemplate":"https:\/\/mariefrancepainset.net\/web\/?s={search_term_string}"},"query-input":{"@type":"PropertyValueSpecification","valueRequired":true,"valueName":"search_term_string"}}],"inLanguage":"fr-FR"}]}},"_links":{"self":[{"href":"https:\/\/mariefrancepainset.net\/web\/wp-json\/wp\/v2\/pages\/614","targetHints":{"allow":["GET"]}}],"collection":[{"href":"https:\/\/mariefrancepainset.net\/web\/wp-json\/wp\/v2\/pages"}],"about":[{"href":"https:\/\/mariefrancepainset.net\/web\/wp-json\/wp\/v2\/types\/page"}],"author":[{"embeddable":true,"href":"https:\/\/mariefrancepainset.net\/web\/wp-json\/wp\/v2\/users\/1"}],"replies":[{"embeddable":true,"href":"https:\/\/mariefrancepainset.net\/web\/wp-json\/wp\/v2\/comments?post=614"}],"version-history":[{"count":10,"href":"https:\/\/mariefrancepainset.net\/web\/wp-json\/wp\/v2\/pages\/614\/revisions"}],"predecessor-version":[{"id":807,"href":"https:\/\/mariefrancepainset.net\/web\/wp-json\/wp\/v2\/pages\/614\/revisions\/807"}],"wp:attachment":[{"href":"https:\/\/mariefrancepainset.net\/web\/wp-json\/wp\/v2\/media?parent=614"}],"curies":[{"name":"wp","href":"https:\/\/api.w.org\/{rel}","templated":true}]}}