{"id":873,"date":"2023-02-02T17:14:09","date_gmt":"2023-02-02T16:14:09","guid":{"rendered":"https:\/\/mariefrancepainset.net\/web\/?page_id=873"},"modified":"2023-02-02T17:46:14","modified_gmt":"2023-02-02T16:46:14","slug":"un-tres-beau-jour-album-jeunesse-marie-france-painset","status":"publish","type":"page","link":"https:\/\/mariefrancepainset.net\/web\/un-tres-beau-jour-album-jeunesse-marie-france-painset\/","title":{"rendered":"Un tr\u00e8s beau jour"},"content":{"rendered":"\n[et_pb_section fb_built=\u00a0\u00bb1&Prime; fullwidth=\u00a0\u00bbon\u00a0\u00bb _builder_version=\u00a0\u00bb4.16&Prime; global_colors_info=\u00a0\u00bb{}\u00a0\u00bb][et_pb_fullwidth_image src=\u00a0\u00bbhttps:\/\/mariefrancepainset.net\/web\/wp-content\/uploads\/2023\/02\/UnTresBeauJour.jpg\u00a0\u00bb _builder_version=\u00a0\u00bb4.19.5&Prime; animation_style=\u00a0\u00bbfade\u00a0\u00bb hover_enabled=\u00a0\u00bb0&Prime; global_colors_info=\u00a0\u00bb{}\u00a0\u00bb title_text=\u00a0\u00bbUnTresBeauJour\u00a0\u00bb sticky_enabled=\u00a0\u00bb0&Prime;][\/et_pb_fullwidth_image][\/et_pb_section][et_pb_section fb_built=\u00a0\u00bb1&Prime; _builder_version=\u00a0\u00bb4.16&Prime; custom_margin=\u00a0\u00bb0px||0px||false|false\u00a0\u00bb custom_padding=\u00a0\u00bb0px||0px||false|false\u00a0\u00bb animation_style=\u00a0\u00bbfade\u00a0\u00bb collapsed=\u00a0\u00bbon\u00a0\u00bb global_colors_info=\u00a0\u00bb{}\u00a0\u00bb][et_pb_row _builder_version=\u00a0\u00bb4.16&Prime; global_colors_info=\u00a0\u00bb{}\u00a0\u00bb][et_pb_column type=\u00a0\u00bb4_4&Prime; _builder_version=\u00a0\u00bb4.16&Prime; global_colors_info=\u00a0\u00bb{}\u00a0\u00bb][et_pb_text _builder_version=\u00a0\u00bb4.16&Prime; global_colors_info=\u00a0\u00bb{}\u00a0\u00bb]<p class=\"p1\"><strong>Un tr\u00e8s beau jour<\/strong><\/p>\n<p class=\"p1\"><span>D\u00e9bordant d\u2019humanit\u00e9 et de tendresse, voici un album pour accueillir l\u2019enfant qui va na\u00eetre. Une \u00e9vocation touchante de la vie du b\u00e9b\u00e9 dans le ventre de sa m\u00e8re, une invitation \u00e0 d\u00e9couvrir le dehors, la joie de ressentir et de r\u00eaver\u2026<\/span><br \/><span>Un album \u00e9mouvant et universel avec des illustrations sensibles et empreintes de po\u00e9sie par la talentueuse Judith Gueyfier.<\/span><\/p>[\/et_pb_text][\/et_pb_column][\/et_pb_row][\/et_pb_section][et_pb_section fb_built=\u00a0\u00bb1&Prime; _builder_version=\u00a0\u00bb4.16&Prime; background_color=\u00a0\u00bb#d7d5c5&Prime; custom_margin=\u00a0\u00bb0px||0px||false|false\u00a0\u00bb custom_padding=\u00a0\u00bb0px||0px||false|false\u00a0\u00bb animation_style=\u00a0\u00bbfade\u00a0\u00bb collapsed=\u00a0\u00bbon\u00a0\u00bb global_colors_info=\u00a0\u00bb{}\u00a0\u00bb][et_pb_row column_structure=\u00a0\u00bb1_4,3_4&Prime; _builder_version=\u00a0\u00bb4.16&Prime; global_colors_info=\u00a0\u00bb{}\u00a0\u00bb][et_pb_column type=\u00a0\u00bb1_4&Prime; _builder_version=\u00a0\u00bb4.16&Prime; global_colors_info=\u00a0\u00bb{}\u00a0\u00bb][et_pb_image src=\u00a0\u00bbhttps:\/\/mariefrancepainset.net\/web\/wp-content\/uploads\/2020\/12\/UnTresBeauJour.jpeg\u00a0\u00bb _builder_version=\u00a0\u00bb4.19.5&Prime; hover_enabled=\u00a0\u00bb0&Prime; global_colors_info=\u00a0\u00bb{}\u00a0\u00bb title_text=\u00a0\u00bbUnTresBeauJour\u00a0\u00bb sticky_enabled=\u00a0\u00bb0&Prime; custom_margin=\u00a0\u00bb24px||20px|||\u00a0\u00bb][\/et_pb_image][\/et_pb_column][et_pb_column type=\u00a0\u00bb3_4&Prime; _builder_version=\u00a0\u00bb4.16&Prime; global_colors_info=\u00a0\u00bb{}\u00a0\u00bb][et_pb_text _builder_version=\u00a0\u00bb4.16&Prime; min_height=\u00a0\u00bb211px\u00a0\u00bb custom_margin=\u00a0\u00bb22px||-2px|-2px||\u00a0\u00bb global_colors_info=\u00a0\u00bb{}\u00a0\u00bb]<p><strong>\u00c9diteur : <\/strong>Didier Jeunesse<strong><br \/><\/strong><strong>Auteur :\u00a0<\/strong>Marie-France Painset<br \/><strong>Illustrations :<\/strong> <a href=\"https:\/\/didier-jeunesse.com\/auteurs\/judith-gueyfier\">Judith Gueyfier<\/a><br \/><strong>Collection :<\/strong> <a href=\"https:\/\/didier-jeunesse.com\/collections\/hors-collection\" typeof=\"skos:Concept\" property=\"rdfs:label skos:prefLabel\" datatype=\"\">Hors collection<\/a><br \/><strong>Parution :<\/strong>\u00a0Octobre 2020<br \/><strong>Format :<\/strong> <span>250 x 245 mm<\/span><br \/><strong>Pages :<\/strong> <span>24<\/span><br \/><strong>EAN :<\/strong> <span>9782278097975<\/span><br \/><strong>NUART :<\/strong> <span>3137580<\/span><br \/><strong>Prix en euros TTC :<\/strong> <span>14.90 \u20ac<\/span><\/p>[\/et_pb_text][\/et_pb_column][\/et_pb_row][\/et_pb_section][et_pb_section fb_built=\u00a0\u00bb1&Prime; _builder_version=\u00a0\u00bb4.16&Prime; custom_margin=\u00a0\u00bb0px||0px||false|false\u00a0\u00bb custom_padding=\u00a0\u00bb0px||0px||false|false\u00a0\u00bb animation_style=\u00a0\u00bbfade\u00a0\u00bb global_colors_info=\u00a0\u00bb{}\u00a0\u00bb][et_pb_row _builder_version=\u00a0\u00bb4.16&Prime; global_colors_info=\u00a0\u00bb{}\u00a0\u00bb][et_pb_column type=\u00a0\u00bb4_4&Prime; _builder_version=\u00a0\u00bb4.16&Prime; global_colors_info=\u00a0\u00bb{}\u00a0\u00bb][et_pb_text _builder_version=\u00a0\u00bb4.16&Prime; link_option_url=\u00a0\u00bbhttp:\/\/atelier-saje.com\/\u00a0\u00bb link_option_url_new_window=\u00a0\u00bbon\u00a0\u00bb global_colors_info=\u00a0\u00bb{}\u00a0\u00bb][\/et_pb_text][et_pb_social_media_follow follow_button=\u00a0\u00bbon\u00a0\u00bb _builder_version=\u00a0\u00bb4.16&Prime; custom_margin=\u00a0\u00bb43px|||||\u00a0\u00bb global_colors_info=\u00a0\u00bb{}\u00a0\u00bb][et_pb_social_media_follow_network social_network=\u00a0\u00bbfacebook\u00a0\u00bb url=\u00a0\u00bbhttps:\/\/www.facebook.com\/Livres.et.albums.jeunesse\u00a0\u00bb _builder_version=\u00a0\u00bb4.16&Prime; background_color=\u00a0\u00bb#3b5998&Prime; global_colors_info=\u00a0\u00bb{}\u00a0\u00bb follow_button=\u00a0\u00bbon\u00a0\u00bb url_new_window=\u00a0\u00bbon\u00a0\u00bb]facebook[\/et_pb_social_media_follow_network][\/et_pb_social_media_follow][\/et_pb_column][\/et_pb_row][\/et_pb_section]\n","protected":false},"excerpt":{"rendered":"<p>Un tr\u00e8s beau jour D\u00e9bordant d\u2019humanit\u00e9 et de tendresse, voici un album pour accueillir l\u2019enfant qui va na\u00eetre. Une \u00e9vocation touchante de la vie du b\u00e9b\u00e9 dans le ventre de sa m\u00e8re, une invitation \u00e0 d\u00e9couvrir le dehors, la joie de ressentir et de r\u00eaver\u2026Un album \u00e9mouvant et universel avec des illustrations sensibles et empreintes [&hellip;]<\/p>\n","protected":false},"author":1,"featured_media":0,"parent":0,"menu_order":0,"comment_status":"closed","ping_status":"closed","template":"","meta":{"_et_pb_use_builder":"on","_et_pb_old_content":"","_et_gb_content_width":"","footnotes":""},"class_list":["post-873","page","type-page","status-publish","hentry"],"yoast_head":"<!-- This site is optimized with the Yoast SEO plugin v27.4 - https:\/\/yoast.com\/product\/yoast-seo-wordpress\/ -->\n<title>Un tr\u00e8s beau jour -<\/title>\n<meta name=\"description\" content=\"D\u00e9bordant d\u2019humanit\u00e9 et de tendresse, voici un album pour accueillir l\u2019enfant qui va na\u00eetre. Une \u00e9vocation touchante de la vie du b\u00e9b\u00e9 dans le ventre de sa m\u00e8re, une invitation \u00e0 d\u00e9couvrir le dehors, la joie de ressentir et de r\u00eaver\u2026Un album \u00e9mouvant et universel avec des illustrations sensibles et empreintes de po\u00e9sie par la talentueuse Judith Gueyfier.\" \/>\n<meta name=\"robots\" content=\"index, follow, max-snippet:-1, max-image-preview:large, max-video-preview:-1\" \/>\n<link rel=\"canonical\" href=\"https:\/\/mariefrancepainset.net\/web\/un-tres-beau-jour-album-jeunesse-marie-france-painset\/\" \/>\n<meta property=\"og:locale\" content=\"fr_FR\" \/>\n<meta property=\"og:type\" content=\"article\" \/>\n<meta property=\"og:title\" content=\"Un tr\u00e8s beau jour -\" \/>\n<meta property=\"og:description\" content=\"D\u00e9bordant d\u2019humanit\u00e9 et de tendresse, voici un album pour accueillir l\u2019enfant qui va na\u00eetre. Une \u00e9vocation touchante de la vie du b\u00e9b\u00e9 dans le ventre de sa m\u00e8re, une invitation \u00e0 d\u00e9couvrir le dehors, la joie de ressentir et de r\u00eaver\u2026Un album \u00e9mouvant et universel avec des illustrations sensibles et empreintes de po\u00e9sie par la talentueuse Judith Gueyfier.\" \/>\n<meta property=\"og:url\" content=\"https:\/\/mariefrancepainset.net\/web\/un-tres-beau-jour-album-jeunesse-marie-france-painset\/\" \/>\n<meta property=\"article:modified_time\" content=\"2023-02-02T16:46:14+00:00\" \/>\n<meta name=\"twitter:card\" content=\"summary_large_image\" \/>\n<meta name=\"twitter:label1\" content=\"Dur\u00e9e de lecture estim\u00e9e\" \/>\n\t<meta name=\"twitter:data1\" content=\"1 minute\" \/>\n<script type=\"application\/ld+json\" class=\"yoast-schema-graph\">{\"@context\":\"https:\\\/\\\/schema.org\",\"@graph\":[{\"@type\":\"WebPage\",\"@id\":\"https:\\\/\\\/mariefrancepainset.net\\\/web\\\/un-tres-beau-jour-album-jeunesse-marie-france-painset\\\/\",\"url\":\"https:\\\/\\\/mariefrancepainset.net\\\/web\\\/un-tres-beau-jour-album-jeunesse-marie-france-painset\\\/\",\"name\":\"Un tr\u00e8s beau jour -\",\"isPartOf\":{\"@id\":\"https:\\\/\\\/mariefrancepainset.net\\\/web\\\/#website\"},\"datePublished\":\"2023-02-02T16:14:09+00:00\",\"dateModified\":\"2023-02-02T16:46:14+00:00\",\"description\":\"D\u00e9bordant d\u2019humanit\u00e9 et de tendresse, voici un album pour accueillir l\u2019enfant qui va na\u00eetre. Une \u00e9vocation touchante de la vie du b\u00e9b\u00e9 dans le ventre de sa m\u00e8re, une invitation \u00e0 d\u00e9couvrir le dehors, la joie de ressentir et de r\u00eaver\u2026Un album \u00e9mouvant et universel avec des illustrations sensibles et empreintes de po\u00e9sie par la talentueuse Judith Gueyfier.\",\"breadcrumb\":{\"@id\":\"https:\\\/\\\/mariefrancepainset.net\\\/web\\\/un-tres-beau-jour-album-jeunesse-marie-france-painset\\\/#breadcrumb\"},\"inLanguage\":\"fr-FR\",\"potentialAction\":[{\"@type\":\"ReadAction\",\"target\":[\"https:\\\/\\\/mariefrancepainset.net\\\/web\\\/un-tres-beau-jour-album-jeunesse-marie-france-painset\\\/\"]}]},{\"@type\":\"BreadcrumbList\",\"@id\":\"https:\\\/\\\/mariefrancepainset.net\\\/web\\\/un-tres-beau-jour-album-jeunesse-marie-france-painset\\\/#breadcrumb\",\"itemListElement\":[{\"@type\":\"ListItem\",\"position\":1,\"name\":\"Accueil\",\"item\":\"https:\\\/\\\/mariefrancepainset.net\\\/web\\\/\"},{\"@type\":\"ListItem\",\"position\":2,\"name\":\"Un tr\u00e8s beau jour\"}]},{\"@type\":\"WebSite\",\"@id\":\"https:\\\/\\\/mariefrancepainset.net\\\/web\\\/#website\",\"url\":\"https:\\\/\\\/mariefrancepainset.net\\\/web\\\/\",\"name\":\"\",\"description\":\"Jouer, chanter, dire\u2026 lire, transmettre\",\"potentialAction\":[{\"@type\":\"SearchAction\",\"target\":{\"@type\":\"EntryPoint\",\"urlTemplate\":\"https:\\\/\\\/mariefrancepainset.net\\\/web\\\/?s={search_term_string}\"},\"query-input\":{\"@type\":\"PropertyValueSpecification\",\"valueRequired\":true,\"valueName\":\"search_term_string\"}}],\"inLanguage\":\"fr-FR\"}]}<\/script>\n<!-- \/ Yoast SEO plugin. -->","yoast_head_json":{"title":"Un tr\u00e8s beau jour -","description":"D\u00e9bordant d\u2019humanit\u00e9 et de tendresse, voici un album pour accueillir l\u2019enfant qui va na\u00eetre. Une \u00e9vocation touchante de la vie du b\u00e9b\u00e9 dans le ventre de sa m\u00e8re, une invitation \u00e0 d\u00e9couvrir le dehors, la joie de ressentir et de r\u00eaver\u2026Un album \u00e9mouvant et universel avec des illustrations sensibles et empreintes de po\u00e9sie par la talentueuse Judith Gueyfier.","robots":{"index":"index","follow":"follow","max-snippet":"max-snippet:-1","max-image-preview":"max-image-preview:large","max-video-preview":"max-video-preview:-1"},"canonical":"https:\/\/mariefrancepainset.net\/web\/un-tres-beau-jour-album-jeunesse-marie-france-painset\/","og_locale":"fr_FR","og_type":"article","og_title":"Un tr\u00e8s beau jour -","og_description":"D\u00e9bordant d\u2019humanit\u00e9 et de tendresse, voici un album pour accueillir l\u2019enfant qui va na\u00eetre. Une \u00e9vocation touchante de la vie du b\u00e9b\u00e9 dans le ventre de sa m\u00e8re, une invitation \u00e0 d\u00e9couvrir le dehors, la joie de ressentir et de r\u00eaver\u2026Un album \u00e9mouvant et universel avec des illustrations sensibles et empreintes de po\u00e9sie par la talentueuse Judith Gueyfier.","og_url":"https:\/\/mariefrancepainset.net\/web\/un-tres-beau-jour-album-jeunesse-marie-france-painset\/","article_modified_time":"2023-02-02T16:46:14+00:00","twitter_card":"summary_large_image","twitter_misc":{"Dur\u00e9e de lecture estim\u00e9e":"1 minute"},"schema":{"@context":"https:\/\/schema.org","@graph":[{"@type":"WebPage","@id":"https:\/\/mariefrancepainset.net\/web\/un-tres-beau-jour-album-jeunesse-marie-france-painset\/","url":"https:\/\/mariefrancepainset.net\/web\/un-tres-beau-jour-album-jeunesse-marie-france-painset\/","name":"Un tr\u00e8s beau jour -","isPartOf":{"@id":"https:\/\/mariefrancepainset.net\/web\/#website"},"datePublished":"2023-02-02T16:14:09+00:00","dateModified":"2023-02-02T16:46:14+00:00","description":"D\u00e9bordant d\u2019humanit\u00e9 et de tendresse, voici un album pour accueillir l\u2019enfant qui va na\u00eetre. Une \u00e9vocation touchante de la vie du b\u00e9b\u00e9 dans le ventre de sa m\u00e8re, une invitation \u00e0 d\u00e9couvrir le dehors, la joie de ressentir et de r\u00eaver\u2026Un album \u00e9mouvant et universel avec des illustrations sensibles et empreintes de po\u00e9sie par la talentueuse Judith Gueyfier.","breadcrumb":{"@id":"https:\/\/mariefrancepainset.net\/web\/un-tres-beau-jour-album-jeunesse-marie-france-painset\/#breadcrumb"},"inLanguage":"fr-FR","potentialAction":[{"@type":"ReadAction","target":["https:\/\/mariefrancepainset.net\/web\/un-tres-beau-jour-album-jeunesse-marie-france-painset\/"]}]},{"@type":"BreadcrumbList","@id":"https:\/\/mariefrancepainset.net\/web\/un-tres-beau-jour-album-jeunesse-marie-france-painset\/#breadcrumb","itemListElement":[{"@type":"ListItem","position":1,"name":"Accueil","item":"https:\/\/mariefrancepainset.net\/web\/"},{"@type":"ListItem","position":2,"name":"Un tr\u00e8s beau jour"}]},{"@type":"WebSite","@id":"https:\/\/mariefrancepainset.net\/web\/#website","url":"https:\/\/mariefrancepainset.net\/web\/","name":"","description":"Jouer, chanter, dire\u2026 lire, transmettre","potentialAction":[{"@type":"SearchAction","target":{"@type":"EntryPoint","urlTemplate":"https:\/\/mariefrancepainset.net\/web\/?s={search_term_string}"},"query-input":{"@type":"PropertyValueSpecification","valueRequired":true,"valueName":"search_term_string"}}],"inLanguage":"fr-FR"}]}},"_links":{"self":[{"href":"https:\/\/mariefrancepainset.net\/web\/wp-json\/wp\/v2\/pages\/873","targetHints":{"allow":["GET"]}}],"collection":[{"href":"https:\/\/mariefrancepainset.net\/web\/wp-json\/wp\/v2\/pages"}],"about":[{"href":"https:\/\/mariefrancepainset.net\/web\/wp-json\/wp\/v2\/types\/page"}],"author":[{"embeddable":true,"href":"https:\/\/mariefrancepainset.net\/web\/wp-json\/wp\/v2\/users\/1"}],"replies":[{"embeddable":true,"href":"https:\/\/mariefrancepainset.net\/web\/wp-json\/wp\/v2\/comments?post=873"}],"version-history":[{"count":7,"href":"https:\/\/mariefrancepainset.net\/web\/wp-json\/wp\/v2\/pages\/873\/revisions"}],"predecessor-version":[{"id":895,"href":"https:\/\/mariefrancepainset.net\/web\/wp-json\/wp\/v2\/pages\/873\/revisions\/895"}],"wp:attachment":[{"href":"https:\/\/mariefrancepainset.net\/web\/wp-json\/wp\/v2\/media?parent=873"}],"curies":[{"name":"wp","href":"https:\/\/api.w.org\/{rel}","templated":true}]}}